{"id":1691,"date":"2023-09-13T11:22:46","date_gmt":"2023-09-13T09:22:46","guid":{"rendered":"https:\/\/agorabox.azurewebsites.net\/?page_id=1691"},"modified":"2023-10-05T09:58:36","modified_gmt":"2023-10-05T07:58:36","slug":"besoin-daide","status":"publish","type":"page","link":"https:\/\/agorabox.fr\/en\/besoin-daide\/","title":{"rendered":"Besoin d&rsquo;aide"},"content":{"rendered":"<p>[et_pb_section fb_built=\u00a0\u00bb1&Prime; _builder_version=\u00a0\u00bb4.21.0&Prime; _module_preset=\u00a0\u00bbdefault\u00a0\u00bb custom_margin=\u00a0\u00bb||||false|false\u00a0\u00bb custom_padding=\u00a0\u00bb||3px|||\u00a0\u00bb global_colors_info=\u00a0\u00bb{}\u00a0\u00bb][et_pb_row _builder_version=\u00a0\u00bb4.20.4&Prime; _module_preset=\u00a0\u00bbdefault\u00a0\u00bb min_height=\u00a0\u00bb205.8px\u00a0\u00bb custom_margin=\u00a0\u00bb|auto|33px|auto||\u00a0\u00bb global_colors_info=\u00a0\u00bb{}\u00a0\u00bb][et_pb_column type=\u00a0\u00bb4_4&Prime; _builder_version=\u00a0\u00bb4.20.4&Prime; _module_preset=\u00a0\u00bbdefault\u00a0\u00bb global_colors_info=\u00a0\u00bb{}\u00a0\u00bb][et_pb_text _builder_version=\u00a0\u00bb4.21.0&Prime; _module_preset=\u00a0\u00bbdefault\u00a0\u00bb header_font=\u00a0\u00bbGolos|600|||||||\u00a0\u00bb header_font_size=\u00a0\u00bb55px\u00a0\u00bb header_line_height=\u00a0\u00bb1.2em\u00a0\u00bb custom_margin=\u00a0\u00bb||19px|||\u00a0\u00bb global_colors_info=\u00a0\u00bb{}\u00a0\u00bb]<\/p>\n<h1 style=\"text-align: center;\">Assistance \u00e0 distance<\/h1>\n<p>[\/et_pb_text][et_pb_text _builder_version=\u00a0\u00bb4.21.0&Prime; _module_preset=\u00a0\u00bbdefault\u00a0\u00bb text_font=\u00a0\u00bbGolos||||||||\u00a0\u00bb text_font_size=\u00a0\u00bb18px\u00a0\u00bb global_colors_info=\u00a0\u00bb{}\u00a0\u00bb]<\/p>\n<p style=\"text-align: center;\"><strong>Pour mieux vous aider, un syst\u00e8me de t\u00e9l\u00e9maintenance est \u00e0 votre disposition.<\/strong><\/p>\n<p style=\"text-align: center;\">Il suffit de lancer le client de t\u00e9l\u00e9maintenance sur demande de notre service Assistance, qui vous indiquera de donner votre ID et votre mot de passe si besoin. Cela permet \u00e0 nos techniciens de prendre contr\u00f4le sur l&rsquo;application depuis notre Centre d&rsquo;Assistance.<\/p>\n<p>[\/et_pb_text][\/et_pb_column][\/et_pb_row][et_pb_row column_structure=\u00a0\u00bb1_2,1_2&Prime; _builder_version=\u00a0\u00bb4.21.0&Prime; _module_preset=\u00a0\u00bbdefault\u00a0\u00bb custom_padding=\u00a0\u00bb||74px|||\u00a0\u00bb global_colors_info=\u00a0\u00bb{}\u00a0\u00bb][et_pb_column type=\u00a0\u00bb1_2&Prime; _builder_version=\u00a0\u00bb4.21.0&Prime; _module_preset=\u00a0\u00bbdefault\u00a0\u00bb global_colors_info=\u00a0\u00bb{}\u00a0\u00bb][et_pb_icon font_icon=\u00a0\u00bb&#xf179;||fa||400&Prime; url=\u00a0\u00bbhttps:\/\/agoraevent.blob.core.windows.net\/1avanti\/TeamViewerQJ.dmg\u00a0\u00bb _builder_version=\u00a0\u00bb4.21.0&Prime; _module_preset=\u00a0\u00bbdefault\u00a0\u00bb global_colors_info=\u00a0\u00bb{}\u00a0\u00bb][\/et_pb_icon][et_pb_text _builder_version=\u00a0\u00bb4.21.0&Prime; _module_preset=\u00a0\u00bbdefault\u00a0\u00bb text_font_size=\u00a0\u00bb19px\u00a0\u00bb link_text_align=\u00a0\u00bbcenter\u00a0\u00bb link_text_color=\u00a0\u00bb#000000&Prime; text_orientation=\u00a0\u00bbcenter\u00a0\u00bb global_colors_info=\u00a0\u00bb{}\u00a0\u00bb]<\/p>\n<p><a href=\"https:\/\/agoraevent.blob.core.windows.net\/1avanti\/TeamViewerQJ.dmg\">Support Agora &#8211; Mac<\/a><\/p>\n<p>[\/et_pb_text][\/et_pb_column][et_pb_column type=\u00a0\u00bb1_2&Prime; _builder_version=\u00a0\u00bb4.21.0&Prime; _module_preset=\u00a0\u00bbdefault\u00a0\u00bb global_colors_info=\u00a0\u00bb{}\u00a0\u00bb][et_pb_icon font_icon=\u00a0\u00bb&#xf17a;||fa||400&Prime; url=\u00a0\u00bbhttps:\/\/agoraevent.blob.core.windows.net\/1avanti\/Avantisupportauto.exe\u00a0\u00bb _builder_version=\u00a0\u00bb4.21.0&Prime; _module_preset=\u00a0\u00bbdefault\u00a0\u00bb global_colors_info=\u00a0\u00bb{}\u00a0\u00bb][\/et_pb_icon][et_pb_text _builder_version=\u00a0\u00bb4.21.0&Prime; _module_preset=\u00a0\u00bbdefault\u00a0\u00bb text_font_size=\u00a0\u00bb19px\u00a0\u00bb link_text_align=\u00a0\u00bbcenter\u00a0\u00bb link_text_color=\u00a0\u00bb#000000&Prime; text_orientation=\u00a0\u00bbcenter\u00a0\u00bb global_colors_info=\u00a0\u00bb{}\u00a0\u00bb]<\/p>\n<p><a href=\"https:\/\/agoraevent.blob.core.windows.net\/1avanti\/Avantisupportauto.exe\">Support Agora &#8211; Windows<\/a><\/p>\n<p>[\/et_pb_text][\/et_pb_column][\/et_pb_row][\/et_pb_section][et_pb_section fb_built=\u00a0\u00bb1&Prime; _builder_version=\u00a0\u00bb4.21.0&Prime; _module_preset=\u00a0\u00bbdefault\u00a0\u00bb background_color=\u00a0\u00bb#8985ff\u00a0\u00bb custom_margin=\u00a0\u00bb||40px||false|false\u00a0\u00bb custom_padding=\u00a0\u00bb6px||90px|||\u00a0\u00bb global_colors_info=\u00a0\u00bb{}\u00a0\u00bb][et_pb_row _builder_version=\u00a0\u00bb4.21.0&Prime; _module_preset=\u00a0\u00bbdefault\u00a0\u00bb z_index=\u00a0\u00bb203&Prime; global_colors_info=\u00a0\u00bb{}\u00a0\u00bb][et_pb_column type=\u00a0\u00bb4_4&Prime; _builder_version=\u00a0\u00bb4.21.0&Prime; _module_preset=\u00a0\u00bbdefault\u00a0\u00bb global_colors_info=\u00a0\u00bb{}\u00a0\u00bb][et_pb_image src=\u00a0\u00bbhttps:\/\/agorabox.fr\/wp-content\/uploads\/2023\/05\/Stroke-1.png\u00a0\u00bb title_text=\u00a0\u00bbStroke 1&Prime; disabled_on=\u00a0\u00bbon|on|off\u00a0\u00bb module_class=\u00a0\u00bbserpantin\u00a0\u00bb _builder_version=\u00a0\u00bb4.21.0&Prime; _module_preset=\u00a0\u00bbdefault\u00a0\u00bb transform_rotate=\u00a0\u00bb182deg|0deg|339deg\u00a0\u00bb positioning=\u00a0\u00bbabsolute\u00a0\u00bb vertical_offset=\u00a0\u00bb107px\u00a0\u00bb horizontal_offset=\u00a0\u00bb494px\u00a0\u00bb z_index=\u00a0\u00bb465&Prime; global_colors_info=\u00a0\u00bb{}\u00a0\u00bb][\/et_pb_image][\/et_pb_column][\/et_pb_row][et_pb_row column_structure=\u00a0\u00bb2_3,1_3&Prime; _builder_version=\u00a0\u00bb4.21.0&Prime; _module_preset=\u00a0\u00bbdefault\u00a0\u00bb global_colors_info=\u00a0\u00bb{}\u00a0\u00bb][et_pb_column type=\u00a0\u00bb2_3&Prime; _builder_version=\u00a0\u00bb4.21.0&Prime; _module_preset=\u00a0\u00bbdefault\u00a0\u00bb global_colors_info=\u00a0\u00bb{}\u00a0\u00bb][et_pb_code _builder_version=\u00a0\u00bb4.21.0&Prime; _module_preset=\u00a0\u00bbdefault\u00a0\u00bb z_index=\u00a0\u00bb82&Prime; global_colors_info=\u00a0\u00bb{}\u00a0\u00bb]<iframe src=\"https:\/\/www.google.com\/maps\/embed?pb=!1m18!1m12!1m3!1d2622.416484674618!2d2.338527676273058!3d48.907456771338694!2m3!1f0!2f0!3f0!3m2!1i1024!2i768!4f13.1!3m3!1m2!1s0x47e66eee2e6d28a1%3A0xf6789e2eb1a65300!2s78%20Rue%20du%20Dr%20Bauer%2C%2093400%20Saint-Ouen-sur-Seine!5e0!3m2!1sfr!2sfr!4v1686668992653!5m2!1sfr!2sfr\" width=\"655\" height=\"407\" style=\"border:0;\" allowfullscreen=\"\" loading=\"lazy\" referrerpolicy=\"no-referrer-when-downgrade\"><\/iframe>[\/et_pb_code][\/et_pb_column][et_pb_column type=\u00a0\u00bb1_3&Prime; _builder_version=\u00a0\u00bb4.21.0&Prime; _module_preset=\u00a0\u00bbdefault\u00a0\u00bb global_colors_info=\u00a0\u00bb{}\u00a0\u00bb][et_pb_text _builder_version=\u00a0\u00bb4.21.0&Prime; _module_preset=\u00a0\u00bbdefault\u00a0\u00bb text_text_color=\u00a0\u00bb#FFFFFF\u00a0\u00bb custom_padding=\u00a0\u00bb64px|||||\u00a0\u00bb global_colors_info=\u00a0\u00bb{}\u00a0\u00bb]<\/p>\n<p><strong>Head Office<\/strong><\/p>\n<p>78 rue du Docteur Bauer<br \/>93400 SAINT-OUEN<br \/>FRANCE<br \/><strong><img loading=\"lazy\" decoding=\"async\" src=\"https:\/\/agorabox.fr\/wp-content\/uploads\/2023\/06\/Vector.png\" width=\"15\" height=\"15\" alt=\"\" class=\"wp-image-307 alignnone size-full\" \/> +33 (0)1 53 33 52 32<\/strong><\/p>\n<p><strong><\/strong><\/p>\n<p><strong>Marseille Office<\/strong><\/p>\n<p>78 avenue du Mistral<br \/>13400 AUBAGNE<br \/>FRANCE<br \/><strong><img loading=\"lazy\" decoding=\"async\" src=\"https:\/\/agorabox.fr\/wp-content\/uploads\/2023\/06\/Vector.png\" width=\"15\" height=\"15\" alt=\"\" class=\"wp-image-307 alignnone size-full\" \/> +33 (0)4 42 04 48 23<\/strong><\/p>\n<p>[\/et_pb_text][\/et_pb_column][\/et_pb_row][\/et_pb_section][et_pb_section fb_built=\u00a0\u00bb1&Prime; _builder_version=\u00a0\u00bb4.20.4&Prime; _module_preset=\u00a0\u00bbdefault\u00a0\u00bb background_color=\u00a0\u00bb#ff853f\u00a0\u00bb border_radii=\u00a0\u00bboff|30px|30px||\u00a0\u00bb global_colors_info=\u00a0\u00bb{}\u00a0\u00bb][et_pb_row _builder_version=\u00a0\u00bb4.20.4&Prime; _module_preset=\u00a0\u00bbdefault\u00a0\u00bb global_colors_info=\u00a0\u00bb{}\u00a0\u00bb][et_pb_column type=\u00a0\u00bb4_4&Prime; _builder_version=\u00a0\u00bb4.20.4&Prime; _module_preset=\u00a0\u00bbdefault\u00a0\u00bb global_colors_info=\u00a0\u00bb{}\u00a0\u00bb][et_pb_text _builder_version=\u00a0\u00bb4.20.4&Prime; _module_preset=\u00a0\u00bbdefault\u00a0\u00bb header_2_font=\u00a0\u00bbGolos|600|||||||\u00a0\u00bb header_2_text_color=\u00a0\u00bb#FFFFFF\u00a0\u00bb header_2_font_size=\u00a0\u00bb30px\u00a0\u00bb header_2_line_height=\u00a0\u00bb1.2em\u00a0\u00bb global_colors_info=\u00a0\u00bb{}\u00a0\u00bb]<\/p>\n<h2 style=\"text-align: center;\">Stay Updated !<\/h2>\n<p>[\/et_pb_text][et_pb_text _builder_version=\u00a0\u00bb4.20.4&Prime; _module_preset=\u00a0\u00bbdefault\u00a0\u00bb text_font=\u00a0\u00bbGolos|300|||||||\u00a0\u00bb text_text_color=\u00a0\u00bb#FFFFFF\u00a0\u00bb text_font_size=\u00a0\u00bb16px\u00a0\u00bb global_colors_info=\u00a0\u00bb{}\u00a0\u00bb]<\/p>\n<p style=\"text-align: center;\">Join the AgoraBox newsletter and never miss an update !\u00a0<\/p>\n<p>[\/et_pb_text][\/et_pb_column][\/et_pb_row][\/et_pb_section]<\/p>","protected":false},"excerpt":{"rendered":"<p>Assistance \u00e0 distancePour mieux vous aider, un syst\u00e8me de t\u00e9l\u00e9maintenance est \u00e0 votre disposition. Il suffit de lancer le client de t\u00e9l\u00e9maintenance sur demande de notre service Assistance, qui vous indiquera de donner votre ID et votre mot de passe si besoin. Cela permet \u00e0 nos techniciens de prendre contr\u00f4le sur l&rsquo;application depuis notre Centre [&hellip;]<\/p>","protected":false},"author":2,"featured_media":0,"parent":0,"menu_order":0,"comment_status":"closed","ping_status":"closed","template":"","meta":{"_et_pb_use_builder":"on","_et_pb_old_content":"","_et_gb_content_width":"","footnotes":""},"class_list":["post-1691","page","type-page","status-publish","hentry"],"yoast_head":"<!-- This site is optimized with the Yoast SEO plugin v22.6 - https:\/\/yoast.com\/wordpress\/plugins\/seo\/ -->\n<title>Besoin d&rsquo;aide - Agora Box<\/title>\n<meta name=\"robots\" content=\"index, follow, max-snippet:-1, max-image-preview:large, max-video-preview:-1\" \/>\n<link rel=\"canonical\" href=\"https:\/\/agorabox.fr\/en\/besoin-daide\/\" \/>\n<meta property=\"og:locale\" content=\"en_US\" \/>\n<meta property=\"og:type\" content=\"article\" \/>\n<meta property=\"og:title\" content=\"Besoin d&rsquo;aide - Agora Box\" \/>\n<meta property=\"og:description\" content=\"Assistance \u00e0 distancePour mieux vous aider, un syst\u00e8me de t\u00e9l\u00e9maintenance est \u00e0 votre disposition. Il suffit de lancer le client de t\u00e9l\u00e9maintenance sur demande de notre service Assistance, qui vous indiquera de donner votre ID et votre mot de passe si besoin. Cela permet \u00e0 nos techniciens de prendre contr\u00f4le sur l&#039;application depuis notre Centre [&hellip;]\" \/>\n<meta property=\"og:url\" content=\"https:\/\/agorabox.fr\/en\/besoin-daide\/\" \/>\n<meta property=\"og:site_name\" content=\"Agora Box\" \/>\n<meta property=\"article:modified_time\" content=\"2023-10-05T07:58:36+00:00\" \/>\n<meta property=\"og:image\" content=\"https:\/\/agorabox.fr\/wp-content\/uploads\/2023\/06\/Vector.png\" \/>\n<meta name=\"twitter:card\" content=\"summary_large_image\" \/>\n<meta name=\"twitter:label1\" content=\"Est. reading time\" \/>\n\t<meta name=\"twitter:data1\" content=\"2 minutes\" \/>\n<script type=\"application\/ld+json\" class=\"yoast-schema-graph\">{\"@context\":\"https:\/\/schema.org\",\"@graph\":[{\"@type\":\"WebPage\",\"@id\":\"https:\/\/agorabox.fr\/besoin-daide\/\",\"url\":\"https:\/\/agorabox.fr\/besoin-daide\/\",\"name\":\"Besoin d&rsquo;aide - Agora Box\",\"isPartOf\":{\"@id\":\"https:\/\/agorabox.fr\/#website\"},\"primaryImageOfPage\":{\"@id\":\"https:\/\/agorabox.fr\/besoin-daide\/#primaryimage\"},\"image\":{\"@id\":\"https:\/\/agorabox.fr\/besoin-daide\/#primaryimage\"},\"thumbnailUrl\":\"https:\/\/agorabox.fr\/wp-content\/uploads\/2023\/06\/Vector.png\",\"datePublished\":\"2023-09-13T09:22:46+00:00\",\"dateModified\":\"2023-10-05T07:58:36+00:00\",\"breadcrumb\":{\"@id\":\"https:\/\/agorabox.fr\/besoin-daide\/#breadcrumb\"},\"inLanguage\":\"en-US\",\"potentialAction\":[{\"@type\":\"ReadAction\",\"target\":[\"https:\/\/agorabox.fr\/besoin-daide\/\"]}]},{\"@type\":\"ImageObject\",\"inLanguage\":\"en-US\",\"@id\":\"https:\/\/agorabox.fr\/besoin-daide\/#primaryimage\",\"url\":\"https:\/\/agorabox.fr\/wp-content\/uploads\/2023\/06\/Vector.png\",\"contentUrl\":\"https:\/\/agorabox.fr\/wp-content\/uploads\/2023\/06\/Vector.png\"},{\"@type\":\"BreadcrumbList\",\"@id\":\"https:\/\/agorabox.fr\/besoin-daide\/#breadcrumb\",\"itemListElement\":[{\"@type\":\"ListItem\",\"position\":1,\"name\":\"Accueil\",\"item\":\"https:\/\/agorabox.fr\/\"},{\"@type\":\"ListItem\",\"position\":2,\"name\":\"Besoin d&rsquo;aide\"}]},{\"@type\":\"WebSite\",\"@id\":\"https:\/\/agorabox.fr\/#website\",\"url\":\"https:\/\/agorabox.fr\/\",\"name\":\"AgoraBoxdonn\",\"description\":\"Solutions digitales pour l&#039;\u00e9v\u00e8nementiel\",\"publisher\":{\"@id\":\"https:\/\/agorabox.fr\/#organization\"},\"potentialAction\":[{\"@type\":\"SearchAction\",\"target\":{\"@type\":\"EntryPoint\",\"urlTemplate\":\"https:\/\/agorabox.fr\/?s={search_term_string}\"},\"query-input\":\"required name=search_term_string\"}],\"inLanguage\":\"en-US\"},{\"@type\":\"Organization\",\"@id\":\"https:\/\/agorabox.fr\/#organization\",\"name\":\"Agorabox - la gestion \u00e9v\u00e8nementielle tout-en-un pour professionnels\",\"url\":\"https:\/\/agorabox.fr\/\",\"logo\":{\"@type\":\"ImageObject\",\"inLanguage\":\"en-US\",\"@id\":\"https:\/\/agorabox.fr\/#\/schema\/logo\/image\/\",\"url\":\"https:\/\/agorabox.fr\/wp-content\/uploads\/2023\/09\/logo-agora-noir.png\",\"contentUrl\":\"https:\/\/agorabox.fr\/wp-content\/uploads\/2023\/09\/logo-agora-noir.png\",\"width\":650,\"height\":513,\"caption\":\"Agorabox - la gestion \u00e9v\u00e8nementielle tout-en-un pour professionnels\"},\"image\":{\"@id\":\"https:\/\/agorabox.fr\/#\/schema\/logo\/image\/\"},\"sameAs\":[\"https:\/\/www.linkedin.com\/company\/agorabox1\/posts\/?feedView=all\"]}]}<\/script>\n<!-- \/ Yoast SEO plugin. -->","yoast_head_json":{"title":"Besoin d&rsquo;aide - Agora Box","robots":{"index":"index","follow":"follow","max-snippet":"max-snippet:-1","max-image-preview":"max-image-preview:large","max-video-preview":"max-video-preview:-1"},"canonical":"https:\/\/agorabox.fr\/en\/besoin-daide\/","og_locale":"en_US","og_type":"article","og_title":"Besoin d&rsquo;aide - Agora Box","og_description":"Assistance \u00e0 distancePour mieux vous aider, un syst\u00e8me de t\u00e9l\u00e9maintenance est \u00e0 votre disposition. Il suffit de lancer le client de t\u00e9l\u00e9maintenance sur demande de notre service Assistance, qui vous indiquera de donner votre ID et votre mot de passe si besoin. Cela permet \u00e0 nos techniciens de prendre contr\u00f4le sur l'application depuis notre Centre [&hellip;]","og_url":"https:\/\/agorabox.fr\/en\/besoin-daide\/","og_site_name":"Agora Box","article_modified_time":"2023-10-05T07:58:36+00:00","og_image":[{"url":"https:\/\/agorabox.fr\/wp-content\/uploads\/2023\/06\/Vector.png"}],"twitter_card":"summary_large_image","twitter_misc":{"Est. reading time":"2 minutes"},"schema":{"@context":"https:\/\/schema.org","@graph":[{"@type":"WebPage","@id":"https:\/\/agorabox.fr\/besoin-daide\/","url":"https:\/\/agorabox.fr\/besoin-daide\/","name":"Besoin d&rsquo;aide - Agora Box","isPartOf":{"@id":"https:\/\/agorabox.fr\/#website"},"primaryImageOfPage":{"@id":"https:\/\/agorabox.fr\/besoin-daide\/#primaryimage"},"image":{"@id":"https:\/\/agorabox.fr\/besoin-daide\/#primaryimage"},"thumbnailUrl":"https:\/\/agorabox.fr\/wp-content\/uploads\/2023\/06\/Vector.png","datePublished":"2023-09-13T09:22:46+00:00","dateModified":"2023-10-05T07:58:36+00:00","breadcrumb":{"@id":"https:\/\/agorabox.fr\/besoin-daide\/#breadcrumb"},"inLanguage":"en-US","potentialAction":[{"@type":"ReadAction","target":["https:\/\/agorabox.fr\/besoin-daide\/"]}]},{"@type":"ImageObject","inLanguage":"en-US","@id":"https:\/\/agorabox.fr\/besoin-daide\/#primaryimage","url":"https:\/\/agorabox.fr\/wp-content\/uploads\/2023\/06\/Vector.png","contentUrl":"https:\/\/agorabox.fr\/wp-content\/uploads\/2023\/06\/Vector.png"},{"@type":"BreadcrumbList","@id":"https:\/\/agorabox.fr\/besoin-daide\/#breadcrumb","itemListElement":[{"@type":"ListItem","position":1,"name":"Accueil","item":"https:\/\/agorabox.fr\/"},{"@type":"ListItem","position":2,"name":"Besoin d&rsquo;aide"}]},{"@type":"WebSite","@id":"https:\/\/agorabox.fr\/#website","url":"https:\/\/agorabox.fr\/","name":"AgoraBoxdonn","description":"Solutions digitales pour l&#039;\u00e9v\u00e8nementiel","publisher":{"@id":"https:\/\/agorabox.fr\/#organization"},"potentialAction":[{"@type":"SearchAction","target":{"@type":"EntryPoint","urlTemplate":"https:\/\/agorabox.fr\/?s={search_term_string}"},"query-input":"required name=search_term_string"}],"inLanguage":"en-US"},{"@type":"Organization","@id":"https:\/\/agorabox.fr\/#organization","name":"Agorabox - la gestion \u00e9v\u00e8nementielle tout-en-un pour professionnels","url":"https:\/\/agorabox.fr\/","logo":{"@type":"ImageObject","inLanguage":"en-US","@id":"https:\/\/agorabox.fr\/#\/schema\/logo\/image\/","url":"https:\/\/agorabox.fr\/wp-content\/uploads\/2023\/09\/logo-agora-noir.png","contentUrl":"https:\/\/agorabox.fr\/wp-content\/uploads\/2023\/09\/logo-agora-noir.png","width":650,"height":513,"caption":"Agorabox - la gestion \u00e9v\u00e8nementielle tout-en-un pour professionnels"},"image":{"@id":"https:\/\/agorabox.fr\/#\/schema\/logo\/image\/"},"sameAs":["https:\/\/www.linkedin.com\/company\/agorabox1\/posts\/?feedView=all"]}]}},"_links":{"self":[{"href":"https:\/\/agorabox.fr\/en\/wp-json\/wp\/v2\/pages\/1691","targetHints":{"allow":["GET"]}}],"collection":[{"href":"https:\/\/agorabox.fr\/en\/wp-json\/wp\/v2\/pages"}],"about":[{"href":"https:\/\/agorabox.fr\/en\/wp-json\/wp\/v2\/types\/page"}],"author":[{"embeddable":true,"href":"https:\/\/agorabox.fr\/en\/wp-json\/wp\/v2\/users\/2"}],"replies":[{"embeddable":true,"href":"https:\/\/agorabox.fr\/en\/wp-json\/wp\/v2\/comments?post=1691"}],"version-history":[{"count":8,"href":"https:\/\/agorabox.fr\/en\/wp-json\/wp\/v2\/pages\/1691\/revisions"}],"predecessor-version":[{"id":1966,"href":"https:\/\/agorabox.fr\/en\/wp-json\/wp\/v2\/pages\/1691\/revisions\/1966"}],"wp:attachment":[{"href":"https:\/\/agorabox.fr\/en\/wp-json\/wp\/v2\/media?parent=1691"}],"curies":[{"name":"wp","href":"https:\/\/api.w.org\/{rel}","templated":true}]}}