{"id":2012,"date":"2024-01-24T14:34:04","date_gmt":"2024-01-24T13:34:04","guid":{"rendered":"https:\/\/agorabox.fr\/?page_id=2012"},"modified":"2024-02-08T15:32:58","modified_gmt":"2024-02-08T14:32:58","slug":"formation","status":"publish","type":"page","link":"https:\/\/agorabox.fr\/en\/formation\/","title":{"rendered":"Formation"},"content":{"rendered":"<p style=\"margin: 0cm; background: white; vertical-align: baseline;\"><span style=\"font-size: 10.5pt; font-family: 'Open Sans',sans-serif; color: #666666;\">Taux d\u2019assiduit\u00e9* : 100%<\/span><\/p>\n<p style=\"margin: 0cm; background: white; vertical-align: baseline; box-sizing: border-box; outline: 0px; text-size-adjust: 100%; font-variant-ligatures: normal; font-variant-caps: normal; orphans: 2; text-align: start; widows: 2; -webkit-text-stroke-width: 0px; text-decoration-thickness: initial; text-decoration-style: initial; text-decoration-color: initial; word-spacing: 0px;\"><span style=\"font-size: 10.5pt; font-family: 'Open Sans',sans-serif; color: #666666;\">Taux de satisfaction* : 100%<\/span><\/p>\n<p style=\"margin: 0cm; background: white; vertical-align: baseline;\"><span style=\"font-size: 10.5pt; font-family: 'Open Sans',sans-serif; color: #666666;\">Taux de r\u00e9ussite aux \u00e9valuations d\u2019acquis*\u00a0: 100%<\/span><\/p>\n<p style=\"margin: 0cm; background: white; vertical-align: baseline; box-sizing: border-box; outline: 0px; text-size-adjust: 100%; font-variant-ligatures: normal; font-variant-caps: normal; orphans: 2; text-align: start; widows: 2; -webkit-text-stroke-width: 0px; text-decoration-thickness: initial; text-decoration-style: initial; text-decoration-color: initial; word-spacing: 0px;\"><span style=\"font-size: 10.5pt; font-family: 'Open Sans',sans-serif; color: #666666;\">Nombre de formations* : 1<\/span><\/p>\n<p style=\"margin: 0cm; background: white; vertical-align: baseline; box-sizing: border-box; outline: 0px; text-size-adjust: 100%; font-variant-ligatures: normal; font-variant-caps: normal; orphans: 2; text-align: start; widows: 2; -webkit-text-stroke-width: 0px; text-decoration-thickness: initial; text-decoration-style: initial; text-decoration-color: initial; word-spacing: 0px;\"><span style=\"font-size: 10.5pt; font-family: 'Open Sans',sans-serif; color: #666666;\">Nombre de stagiaires* : 1<\/span><\/p>\n<p>&nbsp;<\/p>\n<p style=\"margin: 0cm; background: white; vertical-align: baseline; box-sizing: border-box; outline: 0px; text-size-adjust: 100%; font-variant-ligatures: normal; font-variant-caps: normal; orphans: 2; text-align: start; widows: 2; -webkit-text-stroke-width: 0px; text-decoration-thickness: initial; text-decoration-style: initial; text-decoration-color: initial; word-spacing: 0px;\"><span style=\"font-size: 10.5pt; font-family: 'Open Sans',sans-serif; color: #666666;\">* donn\u00e9es mises \u00e0 jour en fin d\u2019ann\u00e9e<\/span><\/p>\n<p style=\"margin: 0cm; background: white; vertical-align: baseline; box-sizing: border-box; outline: 0px; text-size-adjust: 100%; font-variant-ligatures: normal; font-variant-caps: normal; orphans: 2; text-align: start; widows: 2; -webkit-text-stroke-width: 0px; text-decoration-thickness: initial; text-decoration-style: initial; text-decoration-color: initial; word-spacing: 0px;\"><span style=\"font-size: 10.5pt; font-family: 'Open Sans',sans-serif; color: #666666;\">\u00ab\u00a0Num\u00e9ro de D\u00e9claration d\u2019Activit\u00e9\u00a011754074175\u00a0enregistr\u00e9 aupr\u00e8s du pr\u00e9fet de la r\u00e9gion Ile-de-France (ce num\u00e9ro ne vaut pas agr\u00e9ment de l\u2019Etat) \u00bb<\/span><\/p>\n<p><a href=\"\/wp-content\/uploads\/2024\/02\/Programme-de-formation-AgoraManager.pdf\" target=\"_blank\" rel=\"noopener\">Programme de formation<\/a><\/p>\n<p><a href=\"\/wp-content\/uploads\/2024\/02\/Manuel-de-formation-AgoraManager.pdf\" target=\"_blank\" rel=\"noopener\">Manuel de formation AgoraManager<\/a><\/p>\n<p><a href=\"\/wp-content\/uploads\/2024\/02\/Manuel-dutilisation-AgoraManager.pdf\">Manuel d&rsquo;utilisation AgoraManager<\/a><\/p>\n<p><a href=\"\/wp-content\/uploads\/2024\/02\/Politique-Accessibilite.pdf\">Engagement dans la d\u00e9marche de progr\u00e8s pour l\u2019accessibilit\u00e9 de nos formations<\/a><\/p>\n<p>&nbsp;<\/p>\n<p>&nbsp;<\/p>","protected":false},"excerpt":{"rendered":"<p>Taux d\u2019assiduit\u00e9* : 100% Taux de satisfaction* : 100% Taux de r\u00e9ussite aux \u00e9valuations d\u2019acquis*\u00a0: 100% Nombre de formations* : 1 Nombre de stagiaires* : 1 &nbsp; * donn\u00e9es mises \u00e0 jour en fin d\u2019ann\u00e9e \u00ab\u00a0Num\u00e9ro de D\u00e9claration d\u2019Activit\u00e9\u00a011754074175\u00a0enregistr\u00e9 aupr\u00e8s du pr\u00e9fet de la r\u00e9gion Ile-de-France (ce num\u00e9ro ne vaut pas agr\u00e9ment de l\u2019Etat) \u00bb [&hellip;]<\/p>","protected":false},"author":5,"featured_media":0,"parent":0,"menu_order":0,"comment_status":"closed","ping_status":"closed","template":"","meta":{"_et_pb_use_builder":"","_et_pb_old_content":"","_et_gb_content_width":"","footnotes":""},"class_list":["post-2012","page","type-page","status-publish","hentry"],"yoast_head":"<!-- This site is optimized with the Yoast SEO plugin v22.6 - https:\/\/yoast.com\/wordpress\/plugins\/seo\/ -->\n<title>Formation - Agora Box<\/title>\n<meta name=\"robots\" content=\"index, follow, max-snippet:-1, max-image-preview:large, max-video-preview:-1\" \/>\n<link rel=\"canonical\" href=\"https:\/\/agorabox.fr\/en\/formation\/\" \/>\n<meta property=\"og:locale\" content=\"en_US\" \/>\n<meta property=\"og:type\" content=\"article\" \/>\n<meta property=\"og:title\" content=\"Formation - Agora Box\" \/>\n<meta property=\"og:description\" content=\"Taux d\u2019assiduit\u00e9* : 100% Taux de satisfaction* : 100% Taux de r\u00e9ussite aux \u00e9valuations d\u2019acquis*\u00a0: 100% Nombre de formations* : 1 Nombre de stagiaires* : 1 &nbsp; * donn\u00e9es mises \u00e0 jour en fin d\u2019ann\u00e9e \u00ab\u00a0Num\u00e9ro de D\u00e9claration d\u2019Activit\u00e9\u00a011754074175\u00a0enregistr\u00e9 aupr\u00e8s du pr\u00e9fet de la r\u00e9gion Ile-de-France (ce num\u00e9ro ne vaut pas agr\u00e9ment de l\u2019Etat) \u00bb [&hellip;]\" \/>\n<meta property=\"og:url\" content=\"https:\/\/agorabox.fr\/en\/formation\/\" \/>\n<meta property=\"og:site_name\" content=\"Agora Box\" \/>\n<meta property=\"article:modified_time\" content=\"2024-02-08T14:32:58+00:00\" \/>\n<meta name=\"twitter:card\" content=\"summary_large_image\" \/>\n<meta name=\"twitter:label1\" content=\"Est. reading time\" \/>\n\t<meta name=\"twitter:data1\" content=\"1 minute\" \/>\n<script type=\"application\/ld+json\" class=\"yoast-schema-graph\">{\"@context\":\"https:\/\/schema.org\",\"@graph\":[{\"@type\":\"WebPage\",\"@id\":\"https:\/\/agorabox.fr\/formation\/\",\"url\":\"https:\/\/agorabox.fr\/formation\/\",\"name\":\"Formation - Agora Box\",\"isPartOf\":{\"@id\":\"https:\/\/agorabox.fr\/#website\"},\"datePublished\":\"2024-01-24T13:34:04+00:00\",\"dateModified\":\"2024-02-08T14:32:58+00:00\",\"breadcrumb\":{\"@id\":\"https:\/\/agorabox.fr\/formation\/#breadcrumb\"},\"inLanguage\":\"en-US\",\"potentialAction\":[{\"@type\":\"ReadAction\",\"target\":[\"https:\/\/agorabox.fr\/formation\/\"]}]},{\"@type\":\"BreadcrumbList\",\"@id\":\"https:\/\/agorabox.fr\/formation\/#breadcrumb\",\"itemListElement\":[{\"@type\":\"ListItem\",\"position\":1,\"name\":\"Accueil\",\"item\":\"https:\/\/agorabox.fr\/\"},{\"@type\":\"ListItem\",\"position\":2,\"name\":\"Formation\"}]},{\"@type\":\"WebSite\",\"@id\":\"https:\/\/agorabox.fr\/#website\",\"url\":\"https:\/\/agorabox.fr\/\",\"name\":\"AgoraBoxdonn\",\"description\":\"Solutions digitales pour l&#039;\u00e9v\u00e8nementiel\",\"publisher\":{\"@id\":\"https:\/\/agorabox.fr\/#organization\"},\"potentialAction\":[{\"@type\":\"SearchAction\",\"target\":{\"@type\":\"EntryPoint\",\"urlTemplate\":\"https:\/\/agorabox.fr\/?s={search_term_string}\"},\"query-input\":\"required name=search_term_string\"}],\"inLanguage\":\"en-US\"},{\"@type\":\"Organization\",\"@id\":\"https:\/\/agorabox.fr\/#organization\",\"name\":\"Agorabox - la gestion \u00e9v\u00e8nementielle tout-en-un pour professionnels\",\"url\":\"https:\/\/agorabox.fr\/\",\"logo\":{\"@type\":\"ImageObject\",\"inLanguage\":\"en-US\",\"@id\":\"https:\/\/agorabox.fr\/#\/schema\/logo\/image\/\",\"url\":\"https:\/\/agorabox.fr\/wp-content\/uploads\/2023\/09\/logo-agora-noir.png\",\"contentUrl\":\"https:\/\/agorabox.fr\/wp-content\/uploads\/2023\/09\/logo-agora-noir.png\",\"width\":650,\"height\":513,\"caption\":\"Agorabox - la gestion \u00e9v\u00e8nementielle tout-en-un pour professionnels\"},\"image\":{\"@id\":\"https:\/\/agorabox.fr\/#\/schema\/logo\/image\/\"},\"sameAs\":[\"https:\/\/www.linkedin.com\/company\/agorabox1\/posts\/?feedView=all\"]}]}<\/script>\n<!-- \/ Yoast SEO plugin. -->","yoast_head_json":{"title":"Formation - Agora Box","robots":{"index":"index","follow":"follow","max-snippet":"max-snippet:-1","max-image-preview":"max-image-preview:large","max-video-preview":"max-video-preview:-1"},"canonical":"https:\/\/agorabox.fr\/en\/formation\/","og_locale":"en_US","og_type":"article","og_title":"Formation - Agora Box","og_description":"Taux d\u2019assiduit\u00e9* : 100% Taux de satisfaction* : 100% Taux de r\u00e9ussite aux \u00e9valuations d\u2019acquis*\u00a0: 100% Nombre de formations* : 1 Nombre de stagiaires* : 1 &nbsp; * donn\u00e9es mises \u00e0 jour en fin d\u2019ann\u00e9e \u00ab\u00a0Num\u00e9ro de D\u00e9claration d\u2019Activit\u00e9\u00a011754074175\u00a0enregistr\u00e9 aupr\u00e8s du pr\u00e9fet de la r\u00e9gion Ile-de-France (ce num\u00e9ro ne vaut pas agr\u00e9ment de l\u2019Etat) \u00bb [&hellip;]","og_url":"https:\/\/agorabox.fr\/en\/formation\/","og_site_name":"Agora Box","article_modified_time":"2024-02-08T14:32:58+00:00","twitter_card":"summary_large_image","twitter_misc":{"Est. reading time":"1 minute"},"schema":{"@context":"https:\/\/schema.org","@graph":[{"@type":"WebPage","@id":"https:\/\/agorabox.fr\/formation\/","url":"https:\/\/agorabox.fr\/formation\/","name":"Formation - Agora Box","isPartOf":{"@id":"https:\/\/agorabox.fr\/#website"},"datePublished":"2024-01-24T13:34:04+00:00","dateModified":"2024-02-08T14:32:58+00:00","breadcrumb":{"@id":"https:\/\/agorabox.fr\/formation\/#breadcrumb"},"inLanguage":"en-US","potentialAction":[{"@type":"ReadAction","target":["https:\/\/agorabox.fr\/formation\/"]}]},{"@type":"BreadcrumbList","@id":"https:\/\/agorabox.fr\/formation\/#breadcrumb","itemListElement":[{"@type":"ListItem","position":1,"name":"Accueil","item":"https:\/\/agorabox.fr\/"},{"@type":"ListItem","position":2,"name":"Formation"}]},{"@type":"WebSite","@id":"https:\/\/agorabox.fr\/#website","url":"https:\/\/agorabox.fr\/","name":"AgoraBoxdonn","description":"Solutions digitales pour l&#039;\u00e9v\u00e8nementiel","publisher":{"@id":"https:\/\/agorabox.fr\/#organization"},"potentialAction":[{"@type":"SearchAction","target":{"@type":"EntryPoint","urlTemplate":"https:\/\/agorabox.fr\/?s={search_term_string}"},"query-input":"required name=search_term_string"}],"inLanguage":"en-US"},{"@type":"Organization","@id":"https:\/\/agorabox.fr\/#organization","name":"Agorabox - la gestion \u00e9v\u00e8nementielle tout-en-un pour professionnels","url":"https:\/\/agorabox.fr\/","logo":{"@type":"ImageObject","inLanguage":"en-US","@id":"https:\/\/agorabox.fr\/#\/schema\/logo\/image\/","url":"https:\/\/agorabox.fr\/wp-content\/uploads\/2023\/09\/logo-agora-noir.png","contentUrl":"https:\/\/agorabox.fr\/wp-content\/uploads\/2023\/09\/logo-agora-noir.png","width":650,"height":513,"caption":"Agorabox - la gestion \u00e9v\u00e8nementielle tout-en-un pour professionnels"},"image":{"@id":"https:\/\/agorabox.fr\/#\/schema\/logo\/image\/"},"sameAs":["https:\/\/www.linkedin.com\/company\/agorabox1\/posts\/?feedView=all"]}]}},"_links":{"self":[{"href":"https:\/\/agorabox.fr\/en\/wp-json\/wp\/v2\/pages\/2012","targetHints":{"allow":["GET"]}}],"collection":[{"href":"https:\/\/agorabox.fr\/en\/wp-json\/wp\/v2\/pages"}],"about":[{"href":"https:\/\/agorabox.fr\/en\/wp-json\/wp\/v2\/types\/page"}],"author":[{"embeddable":true,"href":"https:\/\/agorabox.fr\/en\/wp-json\/wp\/v2\/users\/5"}],"replies":[{"embeddable":true,"href":"https:\/\/agorabox.fr\/en\/wp-json\/wp\/v2\/comments?post=2012"}],"version-history":[{"count":9,"href":"https:\/\/agorabox.fr\/en\/wp-json\/wp\/v2\/pages\/2012\/revisions"}],"predecessor-version":[{"id":2033,"href":"https:\/\/agorabox.fr\/en\/wp-json\/wp\/v2\/pages\/2012\/revisions\/2033"}],"wp:attachment":[{"href":"https:\/\/agorabox.fr\/en\/wp-json\/wp\/v2\/media?parent=2012"}],"curies":[{"name":"wp","href":"https:\/\/api.w.org\/{rel}","templated":true}]}}