{"id":2083,"date":"2024-05-30T14:07:17","date_gmt":"2024-05-30T12:07:17","guid":{"rendered":"https:\/\/agorabox.fr\/?page_id=2083"},"modified":"2025-05-15T17:03:19","modified_gmt":"2025-05-15T15:03:19","slug":"tutos","status":"publish","type":"page","link":"https:\/\/agorabox.fr\/en\/tutos\/","title":{"rendered":"Tutorials"},"content":{"rendered":"<p>[et_pb_section fb_built=\u00a0\u00bb1&Prime; _builder_version=\u00a0\u00bb4.16&Prime; global_colors_info=\u00a0\u00bb{}\u00a0\u00bb][et_pb_row _builder_version=\u00a0\u00bb4.16&Prime; background_size=\u00a0\u00bbinitial\u00a0\u00bb background_position=\u00a0\u00bbtop_left\u00a0\u00bb background_repeat=\u00a0\u00bbrepeat\u00a0\u00bb global_colors_info=\u00a0\u00bb{}\u00a0\u00bb][et_pb_column type=\u00a0\u00bb4_4&Prime; _builder_version=\u00a0\u00bb4.16&Prime; custom_padding=\u00a0\u00bb|||\u00a0\u00bb global_colors_info=\u00a0\u00bb{}\u00a0\u00bb custom_padding__hover=\u00a0\u00bb|||\u00a0\u00bb][et_pb_text _builder_version=\u00a0\u00bb4.21.0&Prime; text_font=\u00a0\u00bb|800|||||||\u00a0\u00bb text_text_color=\u00a0\u00bb#000000&Prime; text_font_size=\u00a0\u00bb48px\u00a0\u00bb background_size=\u00a0\u00bbinitial\u00a0\u00bb background_position=\u00a0\u00bbtop_left\u00a0\u00bb background_repeat=\u00a0\u00bbrepeat\u00a0\u00bb background_enable_mask_style=\u00a0\u00bbon\u00a0\u00bb background_mask_style=\u00a0\u00bbbean\u00a0\u00bb background_mask_color=\u00a0\u00bbRGBA(255,255,255,0)\u00a0\u00bb text_orientation=\u00a0\u00bbcenter\u00a0\u00bb global_colors_info=\u00a0\u00bb{}\u00a0\u00bb]<\/p>\n<h1 style=\"text-align: center;\"><strong>AgoraBox vous propose des vid\u00e9os tutos explicatives d\u00e9taill\u00e9es par produits et par fonctionnalit\u00e9s.<\/strong><\/h1>\n<p>[\/et_pb_text][\/et_pb_column][\/et_pb_row][et_pb_row column_structure=\u00a0\u00bb1_3,1_3,1_3&Prime; _builder_version=\u00a0\u00bb4.21.0&Prime; _module_preset=\u00a0\u00bbdefault\u00a0\u00bb global_colors_info=\u00a0\u00bb{}\u00a0\u00bb][et_pb_column type=\u00a0\u00bb1_3&Prime; _builder_version=\u00a0\u00bb4.21.0&Prime; _module_preset=\u00a0\u00bbdefault\u00a0\u00bb global_colors_info=\u00a0\u00bb{}\u00a0\u00bb][et_pb_video src=\u00a0\u00bbhttps:\/\/youtu.be\/pU9CwbAIjPo\u00a0\u00bb image_src=\u00a0\u00bbhttps:\/\/agorabox.fr\/wp-content\/uploads\/2024\/05\/Screenshot-2024-05-30-at-14.35.09.png\u00a0\u00bb play_icon_color=\u00a0\u00bb#00BDD6&Prime; _builder_version=\u00a0\u00bb4.21.0&Prime; _module_preset=\u00a0\u00bbdefault\u00a0\u00bb border_radii=\u00a0\u00bbon|8px|8px|8px|8px\u00a0\u00bb border_style_all=\u00a0\u00bbinset\u00a0\u00bb box_shadow_style=\u00a0\u00bbpreset1&Prime; global_colors_info=\u00a0\u00bb{}\u00a0\u00bb][\/et_pb_video][\/et_pb_column][et_pb_column type=\u00a0\u00bb1_3&Prime; _builder_version=\u00a0\u00bb4.21.0&Prime; _module_preset=\u00a0\u00bbdefault\u00a0\u00bb global_colors_info=\u00a0\u00bb{}\u00a0\u00bb][et_pb_video src=\u00a0\u00bbhttps:\/\/youtu.be\/tkkYj71HxyU\u00a0\u00bb image_src=\u00a0\u00bbhttps:\/\/agorabox.fr\/wp-content\/uploads\/2024\/05\/Screenshot-2024-05-30-at-14.36.16.png\u00a0\u00bb play_icon_color=\u00a0\u00bb#F0B800&Prime; _builder_version=\u00a0\u00bb4.21.0&Prime; _module_preset=\u00a0\u00bbdefault\u00a0\u00bb border_radii=\u00a0\u00bbon|8px|8px|8px|8px\u00a0\u00bb box_shadow_style=\u00a0\u00bbpreset1&Prime; global_colors_info=\u00a0\u00bb{}\u00a0\u00bb][\/et_pb_video][\/et_pb_column][et_pb_column type=\u00a0\u00bb1_3&Prime; _builder_version=\u00a0\u00bb4.21.0&Prime; _module_preset=\u00a0\u00bbdefault\u00a0\u00bb global_colors_info=\u00a0\u00bb{}\u00a0\u00bb][et_pb_video src=\u00a0\u00bbhttps:\/\/youtu.be\/8ep0F0gRok8&Prime; image_src=\u00a0\u00bbhttps:\/\/agorabox.fr\/wp-content\/uploads\/2024\/05\/Screenshot-2024-05-30-at-14.37.25.png\u00a0\u00bb play_icon_color=\u00a0\u00bb#8B68EE\u00a0\u00bb _builder_version=\u00a0\u00bb4.21.0&Prime; _module_preset=\u00a0\u00bbdefault\u00a0\u00bb border_radii=\u00a0\u00bbon|8px|8px|8px|8px\u00a0\u00bb box_shadow_style=\u00a0\u00bbpreset1&Prime; global_colors_info=\u00a0\u00bb{}\u00a0\u00bb][\/et_pb_video][\/et_pb_column][\/et_pb_row][et_pb_row column_structure=\u00a0\u00bb1_3,1_3,1_3&Prime; _builder_version=\u00a0\u00bb4.21.0&Prime; _module_preset=\u00a0\u00bbdefault\u00a0\u00bb global_colors_info=\u00a0\u00bb{}\u00a0\u00bb][et_pb_column type=\u00a0\u00bb1_3&Prime; _builder_version=\u00a0\u00bb4.21.0&Prime; _module_preset=\u00a0\u00bbdefault\u00a0\u00bb global_colors_info=\u00a0\u00bb{}\u00a0\u00bb][et_pb_button button_url=\u00a0\u00bbhttps:\/\/agorabox.fr\/nous-contacter\/\u00a0\u00bb button_text=\u00a0\u00bbEn apprendre plus ++\u00a0\u00bb button_alignment=\u00a0\u00bbcenter\u00a0\u00bb _builder_version=\u00a0\u00bb4.21.0&Prime; _module_preset=\u00a0\u00bbdefault\u00a0\u00bb custom_button=\u00a0\u00bbon\u00a0\u00bb button_text_color=\u00a0\u00bb#00BDD6&Prime; button_use_icon=\u00a0\u00bboff\u00a0\u00bb global_colors_info=\u00a0\u00bb{}\u00a0\u00bb][\/et_pb_button][\/et_pb_column][et_pb_column type=\u00a0\u00bb1_3&Prime; _builder_version=\u00a0\u00bb4.21.0&Prime; _module_preset=\u00a0\u00bbdefault\u00a0\u00bb global_colors_info=\u00a0\u00bb{}\u00a0\u00bb][et_pb_button button_url=\u00a0\u00bbhttps:\/\/agorabox.fr\/nous-contacter\/\u00a0\u00bb button_text=\u00a0\u00bbEn apprendre plus ++\u00a0\u00bb button_alignment=\u00a0\u00bbcenter\u00a0\u00bb _builder_version=\u00a0\u00bb4.21.0&Prime; _module_preset=\u00a0\u00bbdefault\u00a0\u00bb custom_button=\u00a0\u00bbon\u00a0\u00bb button_text_color=\u00a0\u00bb#F0B800&Prime; button_use_icon=\u00a0\u00bboff\u00a0\u00bb global_colors_info=\u00a0\u00bb{}\u00a0\u00bb][\/et_pb_button][\/et_pb_column][et_pb_column type=\u00a0\u00bb1_3&Prime; _builder_version=\u00a0\u00bb4.21.0&Prime; _module_preset=\u00a0\u00bbdefault\u00a0\u00bb global_colors_info=\u00a0\u00bb{}\u00a0\u00bb][et_pb_button button_url=\u00a0\u00bbhttps:\/\/agorabox.fr\/nous-contacter\/\u00a0\u00bb button_text=\u00a0\u00bbEn apprendre plus ++\u00a0\u00bb button_alignment=\u00a0\u00bbcenter\u00a0\u00bb _builder_version=\u00a0\u00bb4.21.0&Prime; _module_preset=\u00a0\u00bbdefault\u00a0\u00bb custom_button=\u00a0\u00bbon\u00a0\u00bb button_text_color=\u00a0\u00bb#8B68EE\u00a0\u00bb button_use_icon=\u00a0\u00bboff\u00a0\u00bb global_colors_info=\u00a0\u00bb{}\u00a0\u00bb][\/et_pb_button][\/et_pb_column][\/et_pb_row][et_pb_row _builder_version=\u00a0\u00bb4.21.0&Prime; _module_preset=\u00a0\u00bbdefault\u00a0\u00bb global_colors_info=\u00a0\u00bb{}\u00a0\u00bb][et_pb_column type=\u00a0\u00bb4_4&Prime; _builder_version=\u00a0\u00bb4.21.0&Prime; _module_preset=\u00a0\u00bbdefault\u00a0\u00bb global_colors_info=\u00a0\u00bb{}\u00a0\u00bb][et_pb_divider color=\u00a0\u00bb#242424&Prime; _builder_version=\u00a0\u00bb4.21.0&Prime; _module_preset=\u00a0\u00bbdefault\u00a0\u00bb global_colors_info=\u00a0\u00bb{}\u00a0\u00bb][\/et_pb_divider][\/et_pb_column][\/et_pb_row][et_pb_row _builder_version=\u00a0\u00bb4.21.0&Prime; _module_preset=\u00a0\u00bbdefault\u00a0\u00bb background_image=\u00a0\u00bb\/wp-content\/uploads\/2023\/09\/Group-253.png\u00a0\u00bb min_height=\u00a0\u00bb517px\u00a0\u00bb custom_padding=\u00a0\u00bb125px||125px||true|\u00a0\u00bb global_colors_info=\u00a0\u00bb{}\u00a0\u00bb][et_pb_column type=\u00a0\u00bb4_4&Prime; _builder_version=\u00a0\u00bb4.20.4&Prime; _module_preset=\u00a0\u00bbdefault\u00a0\u00bb global_colors_info=\u00a0\u00bb{}\u00a0\u00bb][et_pb_text _builder_version=\u00a0\u00bb4.21.0&Prime; _module_preset=\u00a0\u00bbdefault\u00a0\u00bb text_font=\u00a0\u00bbGolos|300|||||||\u00a0\u00bb text_text_color=\u00a0\u00bb#959595&Prime; text_font_size=\u00a0\u00bb16px\u00a0\u00bb global_colors_info=\u00a0\u00bb{}\u00a0\u00bb]<\/p>\n<p style=\"text-align: center;\">Interested or curious? Let's talk! \u2615<\/p>\n<p>[\/et_pb_text][et_pb_text _builder_version=\u00a0\u00bb4.21.0&Prime; _module_preset=\u00a0\u00bbdefault\u00a0\u00bb header_2_font=\u00a0\u00bbGolos|600|||||||\u00a0\u00bb header_2_font_size=\u00a0\u00bb50px\u00a0\u00bb header_2_line_height=\u00a0\u00bb1.2em\u00a0\u00bb global_colors_info=\u00a0\u00bb{}\u00a0\u00bb]<\/p>\n<h2 style=\"text-align: center;\">Which Agora solution for my structure?<\/h2>\n<p>[\/et_pb_text][et_pb_button button_url=\u00a0\u00bbhttps:\/\/agorabox.fr\/nous-contacter\/\u00a0\u00bb button_text=\u00a0\u00bbParlons-en !\u00a0\u00bb button_alignment=\u00a0\u00bbcenter\u00a0\u00bb _builder_version=\u00a0\u00bb4.21.0&Prime; _module_preset=\u00a0\u00bbdefault\u00a0\u00bb custom_button=\u00a0\u00bbon\u00a0\u00bb button_text_size=\u00a0\u00bb14px\u00a0\u00bb button_text_color=\u00a0\u00bb#FFFFFF\u00a0\u00bb button_bg_color=\u00a0\u00bb#FF853F\u00a0\u00bb button_border_width=\u00a0\u00bb0px\u00a0\u00bb button_font=\u00a0\u00bbGolos||||||||\u00a0\u00bb button_use_icon=\u00a0\u00bboff\u00a0\u00bb custom_padding=\u00a0\u00bb8px|20px|8px|20px|true|true\u00a0\u00bb box_shadow_style=\u00a0\u00bbpreset2&Prime; box_shadow_horizontal=\u00a0\u00bb5px\u00a0\u00bb box_shadow_blur=\u00a0\u00bb10px\u00a0\u00bb box_shadow_spread=\u00a0\u00bb-6px\u00a0\u00bb global_colors_info=\u00a0\u00bb{}\u00a0\u00bb button_bg_color__hover_enabled=\u00a0\u00bbon|desktop\u00a0\u00bb button_bg_color__hover=\u00a0\u00bb#ed7f3b\u00a0\u00bb button_bg_enable_color__hover=\u00a0\u00bbon\u00a0\u00bb][\/et_pb_button][\/et_pb_column][\/et_pb_row][\/et_pb_section]<\/p>","protected":false},"excerpt":{"rendered":"<p>AgoraBox vous propose des vid\u00e9os tutos explicatives d\u00e9taill\u00e9es par produits et par fonctionnalit\u00e9s.Int\u00e9ress\u00e9 ou tout simplement curieux ? Parlons-en ! \u2615Quelle solution Agora pour ma structure?<\/p>","protected":false},"author":5,"featured_media":0,"parent":0,"menu_order":0,"comment_status":"closed","ping_status":"closed","template":"","meta":{"_et_pb_use_builder":"on","_et_pb_old_content":"<p>[button] AgoraManager[\/button]<\/p>","_et_gb_content_width":"","footnotes":""},"class_list":["post-2083","page","type-page","status-publish","hentry"],"yoast_head":"<!-- This site is optimized with the Yoast SEO plugin v22.6 - https:\/\/yoast.com\/wordpress\/plugins\/seo\/ -->\n<title>Tutos - Agora Box<\/title>\n<meta name=\"description\" content=\"D\u00e9couvrez les tutoriels vid\u00e9os d&#039;Agorabox pour apprendre \u00e0 utiliser nos solutions et simplfier la gestion de vos \u00e9v\u00e9nements !\" \/>\n<meta name=\"robots\" content=\"index, follow, max-snippet:-1, max-image-preview:large, max-video-preview:-1\" \/>\n<link rel=\"canonical\" href=\"https:\/\/agorabox.fr\/en\/tutos\/\" \/>\n<meta property=\"og:locale\" content=\"en_US\" \/>\n<meta property=\"og:type\" content=\"article\" \/>\n<meta property=\"og:title\" content=\"Tutos - Agora Box\" \/>\n<meta property=\"og:description\" content=\"D\u00e9couvrez les tutoriels vid\u00e9os d&#039;Agorabox pour apprendre \u00e0 utiliser nos solutions et simplfier la gestion de vos \u00e9v\u00e9nements !\" \/>\n<meta property=\"og:url\" content=\"https:\/\/agorabox.fr\/en\/tutos\/\" \/>\n<meta property=\"og:site_name\" content=\"Agora Box\" \/>\n<meta property=\"article:modified_time\" content=\"2025-05-15T15:03:19+00:00\" \/>\n<meta name=\"twitter:card\" content=\"summary_large_image\" \/>\n<meta name=\"twitter:label1\" content=\"Est. reading time\" \/>\n\t<meta name=\"twitter:data1\" content=\"1 minute\" \/>\n<script type=\"application\/ld+json\" class=\"yoast-schema-graph\">{\"@context\":\"https:\/\/schema.org\",\"@graph\":[{\"@type\":\"WebPage\",\"@id\":\"https:\/\/agorabox.fr\/tutos\/\",\"url\":\"https:\/\/agorabox.fr\/tutos\/\",\"name\":\"Tutos - Agora Box\",\"isPartOf\":{\"@id\":\"https:\/\/agorabox.fr\/#website\"},\"datePublished\":\"2024-05-30T12:07:17+00:00\",\"dateModified\":\"2025-05-15T15:03:19+00:00\",\"description\":\"D\u00e9couvrez les tutoriels vid\u00e9os d'Agorabox pour apprendre \u00e0 utiliser nos solutions et simplfier la gestion de vos \u00e9v\u00e9nements !\",\"breadcrumb\":{\"@id\":\"https:\/\/agorabox.fr\/tutos\/#breadcrumb\"},\"inLanguage\":\"en-US\",\"potentialAction\":[{\"@type\":\"ReadAction\",\"target\":[\"https:\/\/agorabox.fr\/tutos\/\"]}]},{\"@type\":\"BreadcrumbList\",\"@id\":\"https:\/\/agorabox.fr\/tutos\/#breadcrumb\",\"itemListElement\":[{\"@type\":\"ListItem\",\"position\":1,\"name\":\"Accueil\",\"item\":\"https:\/\/agorabox.fr\/\"},{\"@type\":\"ListItem\",\"position\":2,\"name\":\"Tutos\"}]},{\"@type\":\"WebSite\",\"@id\":\"https:\/\/agorabox.fr\/#website\",\"url\":\"https:\/\/agorabox.fr\/\",\"name\":\"AgoraBoxdonn\",\"description\":\"Solutions digitales pour l&#039;\u00e9v\u00e8nementiel\",\"publisher\":{\"@id\":\"https:\/\/agorabox.fr\/#organization\"},\"potentialAction\":[{\"@type\":\"SearchAction\",\"target\":{\"@type\":\"EntryPoint\",\"urlTemplate\":\"https:\/\/agorabox.fr\/?s={search_term_string}\"},\"query-input\":\"required name=search_term_string\"}],\"inLanguage\":\"en-US\"},{\"@type\":\"Organization\",\"@id\":\"https:\/\/agorabox.fr\/#organization\",\"name\":\"Agorabox - la gestion \u00e9v\u00e8nementielle tout-en-un pour professionnels\",\"url\":\"https:\/\/agorabox.fr\/\",\"logo\":{\"@type\":\"ImageObject\",\"inLanguage\":\"en-US\",\"@id\":\"https:\/\/agorabox.fr\/#\/schema\/logo\/image\/\",\"url\":\"https:\/\/agorabox.fr\/wp-content\/uploads\/2023\/09\/logo-agora-noir.png\",\"contentUrl\":\"https:\/\/agorabox.fr\/wp-content\/uploads\/2023\/09\/logo-agora-noir.png\",\"width\":650,\"height\":513,\"caption\":\"Agorabox - la gestion \u00e9v\u00e8nementielle tout-en-un pour professionnels\"},\"image\":{\"@id\":\"https:\/\/agorabox.fr\/#\/schema\/logo\/image\/\"},\"sameAs\":[\"https:\/\/www.linkedin.com\/company\/agorabox1\/posts\/?feedView=all\"]}]}<\/script>\n<!-- \/ Yoast SEO plugin. -->","yoast_head_json":{"title":"Tutos - Agora Box","description":"D\u00e9couvrez les tutoriels vid\u00e9os d'Agorabox pour apprendre \u00e0 utiliser nos solutions et simplfier la gestion de vos \u00e9v\u00e9nements !","robots":{"index":"index","follow":"follow","max-snippet":"max-snippet:-1","max-image-preview":"max-image-preview:large","max-video-preview":"max-video-preview:-1"},"canonical":"https:\/\/agorabox.fr\/en\/tutos\/","og_locale":"en_US","og_type":"article","og_title":"Tutos - Agora Box","og_description":"D\u00e9couvrez les tutoriels vid\u00e9os d'Agorabox pour apprendre \u00e0 utiliser nos solutions et simplfier la gestion de vos \u00e9v\u00e9nements !","og_url":"https:\/\/agorabox.fr\/en\/tutos\/","og_site_name":"Agora Box","article_modified_time":"2025-05-15T15:03:19+00:00","twitter_card":"summary_large_image","twitter_misc":{"Est. reading time":"1 minute"},"schema":{"@context":"https:\/\/schema.org","@graph":[{"@type":"WebPage","@id":"https:\/\/agorabox.fr\/tutos\/","url":"https:\/\/agorabox.fr\/tutos\/","name":"Tutos - Agora Box","isPartOf":{"@id":"https:\/\/agorabox.fr\/#website"},"datePublished":"2024-05-30T12:07:17+00:00","dateModified":"2025-05-15T15:03:19+00:00","description":"D\u00e9couvrez les tutoriels vid\u00e9os d'Agorabox pour apprendre \u00e0 utiliser nos solutions et simplfier la gestion de vos \u00e9v\u00e9nements !","breadcrumb":{"@id":"https:\/\/agorabox.fr\/tutos\/#breadcrumb"},"inLanguage":"en-US","potentialAction":[{"@type":"ReadAction","target":["https:\/\/agorabox.fr\/tutos\/"]}]},{"@type":"BreadcrumbList","@id":"https:\/\/agorabox.fr\/tutos\/#breadcrumb","itemListElement":[{"@type":"ListItem","position":1,"name":"Accueil","item":"https:\/\/agorabox.fr\/"},{"@type":"ListItem","position":2,"name":"Tutos"}]},{"@type":"WebSite","@id":"https:\/\/agorabox.fr\/#website","url":"https:\/\/agorabox.fr\/","name":"AgoraBoxdonn","description":"Solutions digitales pour l&#039;\u00e9v\u00e8nementiel","publisher":{"@id":"https:\/\/agorabox.fr\/#organization"},"potentialAction":[{"@type":"SearchAction","target":{"@type":"EntryPoint","urlTemplate":"https:\/\/agorabox.fr\/?s={search_term_string}"},"query-input":"required name=search_term_string"}],"inLanguage":"en-US"},{"@type":"Organization","@id":"https:\/\/agorabox.fr\/#organization","name":"Agorabox - la gestion \u00e9v\u00e8nementielle tout-en-un pour professionnels","url":"https:\/\/agorabox.fr\/","logo":{"@type":"ImageObject","inLanguage":"en-US","@id":"https:\/\/agorabox.fr\/#\/schema\/logo\/image\/","url":"https:\/\/agorabox.fr\/wp-content\/uploads\/2023\/09\/logo-agora-noir.png","contentUrl":"https:\/\/agorabox.fr\/wp-content\/uploads\/2023\/09\/logo-agora-noir.png","width":650,"height":513,"caption":"Agorabox - la gestion \u00e9v\u00e8nementielle tout-en-un pour professionnels"},"image":{"@id":"https:\/\/agorabox.fr\/#\/schema\/logo\/image\/"},"sameAs":["https:\/\/www.linkedin.com\/company\/agorabox1\/posts\/?feedView=all"]}]}},"_links":{"self":[{"href":"https:\/\/agorabox.fr\/en\/wp-json\/wp\/v2\/pages\/2083","targetHints":{"allow":["GET"]}}],"collection":[{"href":"https:\/\/agorabox.fr\/en\/wp-json\/wp\/v2\/pages"}],"about":[{"href":"https:\/\/agorabox.fr\/en\/wp-json\/wp\/v2\/types\/page"}],"author":[{"embeddable":true,"href":"https:\/\/agorabox.fr\/en\/wp-json\/wp\/v2\/users\/5"}],"replies":[{"embeddable":true,"href":"https:\/\/agorabox.fr\/en\/wp-json\/wp\/v2\/comments?post=2083"}],"version-history":[{"count":20,"href":"https:\/\/agorabox.fr\/en\/wp-json\/wp\/v2\/pages\/2083\/revisions"}],"predecessor-version":[{"id":3060,"href":"https:\/\/agorabox.fr\/en\/wp-json\/wp\/v2\/pages\/2083\/revisions\/3060"}],"wp:attachment":[{"href":"https:\/\/agorabox.fr\/en\/wp-json\/wp\/v2\/media?parent=2083"}],"curies":[{"name":"wp","href":"https:\/\/api.w.org\/{rel}","templated":true}]}}