{"id":2133,"date":"2024-05-30T14:05:07","date_gmt":"2024-05-30T12:05:07","guid":{"rendered":"https:\/\/agorabox.fr\/?page_id=2133"},"modified":"2024-07-23T15:00:37","modified_gmt":"2024-07-23T13:00:37","slug":"tutos-ameetin","status":"publish","type":"page","link":"https:\/\/agorabox.fr\/en\/tutos-ameetin\/","title":{"rendered":"Tutos \u2013 AMeetin"},"content":{"rendered":"<p>[et_pb_section fb_built=\u00a0\u00bb1&Prime; _builder_version=\u00a0\u00bb4.21.0&Prime; _module_preset=\u00a0\u00bbdefault\u00a0\u00bb background_color=\u00a0\u00bb#CEBDFF\u00a0\u00bb max_height=\u00a0\u00bb810px\u00a0\u00bb custom_margin=\u00a0\u00bb||||false|false\u00a0\u00bb custom_padding=\u00a0\u00bb||68px|||\u00a0\u00bb global_colors_info=\u00a0\u00bb{}\u00a0\u00bb][et_pb_row _builder_version=\u00a0\u00bb4.21.0&Prime; _module_preset=\u00a0\u00bbdefault\u00a0\u00bb global_colors_info=\u00a0\u00bb{}\u00a0\u00bb][et_pb_column type=\u00a0\u00bb4_4&Prime; _builder_version=\u00a0\u00bb4.21.0&Prime; _module_preset=\u00a0\u00bbdefault\u00a0\u00bb global_colors_info=\u00a0\u00bb{}\u00a0\u00bb][et_pb_text _builder_version=\u00a0\u00bb4.21.0&Prime; _module_preset=\u00a0\u00bbdefault\u00a0\u00bb text_text_color=\u00a0\u00bb#313131&Prime; text_font_size=\u00a0\u00bb34px\u00a0\u00bb global_colors_info=\u00a0\u00bb{}\u00a0\u00bb]<\/p>\n<h1 style=\"text-align: center;\"><strong>Consultez nos vid\u00e9os de formation AgoraMeetin<\/strong><\/h1>\n<p>[\/et_pb_text][\/et_pb_column][\/et_pb_row][et_pb_row column_structure=\u00a0\u00bb1_3,1_3,1_3&Prime; _builder_version=\u00a0\u00bb4.21.0&Prime; _module_preset=\u00a0\u00bbdefault\u00a0\u00bb global_colors_info=\u00a0\u00bb{}\u00a0\u00bb][et_pb_column type=\u00a0\u00bb1_3&Prime; _builder_version=\u00a0\u00bb4.21.0&Prime; _module_preset=\u00a0\u00bbdefault\u00a0\u00bb global_colors_info=\u00a0\u00bb{}\u00a0\u00bb][et_pb_video src=\u00a0\u00bbhttps:\/\/youtu.be\/4JGlUsNjcqo\u00a0\u00bb image_src=\u00a0\u00bbhttps:\/\/agorabox.fr\/wp-content\/uploads\/2024\/05\/Screenshot-2024-05-30-at-17.25.10.png\u00a0\u00bb play_icon_color=\u00a0\u00bb#8B68EE\u00a0\u00bb _builder_version=\u00a0\u00bb4.21.0&Prime; _module_preset=\u00a0\u00bbdefault\u00a0\u00bb border_radii=\u00a0\u00bbon|8px|8px|8px|8px\u00a0\u00bb box_shadow_style=\u00a0\u00bbpreset1&Prime; global_colors_info=\u00a0\u00bb{}\u00a0\u00bb][\/et_pb_video][et_pb_text _builder_version=\u00a0\u00bb4.21.0&Prime; _module_preset=\u00a0\u00bbdefault\u00a0\u00bb text_font=\u00a0\u00bbGolos|600|||||||\u00a0\u00bb text_text_color=\u00a0\u00bb#FFFFFF\u00a0\u00bb text_font_size=\u00a0\u00bb24px\u00a0\u00bb text_orientation=\u00a0\u00bbcenter\u00a0\u00bb custom_margin=\u00a0\u00bb||6px|||\u00a0\u00bb text_text_shadow_style=\u00a0\u00bbpreset3&Prime; text_text_shadow_blur_strength=\u00a0\u00bb0.5em\u00a0\u00bb text_text_shadow_color=\u00a0\u00bb#000000&Prime; global_colors_info=\u00a0\u00bb{}\u00a0\u00bb]<\/p>\n<p style=\"text-align: center;\">Premiers pas<\/p>\n<p>[\/et_pb_text][et_pb_icon font_icon=\u00a0\u00bb&#xf15c;||fa||900&Prime; icon_color=\u00a0\u00bb#FFFFFF\u00a0\u00bb icon_width=\u00a0\u00bb28px\u00a0\u00bb url=\u00a0\u00bbhttps:\/\/drive.google.com\/file\/d\/1jDdcZsDUB4t1IiNwQtTlvl0af_1c-MgW\/view?usp=share_link\u00a0\u00bb url_new_window=\u00a0\u00bbon\u00a0\u00bb _builder_version=\u00a0\u00bb4.21.0&Prime; _module_preset=\u00a0\u00bbdefault\u00a0\u00bb global_colors_info=\u00a0\u00bb{}\u00a0\u00bb][\/et_pb_icon][\/et_pb_column][et_pb_column type=\u00a0\u00bb1_3&Prime; _builder_version=\u00a0\u00bb4.21.0&Prime; _module_preset=\u00a0\u00bbdefault\u00a0\u00bb global_colors_info=\u00a0\u00bb{}\u00a0\u00bb][et_pb_video src=\u00a0\u00bbhttps:\/\/youtu.be\/RkppIDnlR64&Prime; image_src=\u00a0\u00bbhttps:\/\/agorabox.fr\/wp-content\/uploads\/2024\/06\/Screenshot-2024-06-10-at-14.29.22.png\u00a0\u00bb play_icon_color=\u00a0\u00bb#8B68EE\u00a0\u00bb _builder_version=\u00a0\u00bb4.21.0&Prime; _module_preset=\u00a0\u00bbdefault\u00a0\u00bb border_radii=\u00a0\u00bbon|8px|8px|8px|8px\u00a0\u00bb box_shadow_style=\u00a0\u00bbpreset1&Prime; global_colors_info=\u00a0\u00bb{}\u00a0\u00bb][\/et_pb_video][et_pb_text _builder_version=\u00a0\u00bb4.21.0&Prime; _module_preset=\u00a0\u00bbdefault\u00a0\u00bb text_font=\u00a0\u00bb|600|||||||\u00a0\u00bb text_text_color=\u00a0\u00bb#FFFFFF\u00a0\u00bb text_font_size=\u00a0\u00bb24px\u00a0\u00bb text_orientation=\u00a0\u00bbcenter\u00a0\u00bb custom_margin=\u00a0\u00bb||11px|||\u00a0\u00bb text_text_shadow_style=\u00a0\u00bbpreset3&Prime; text_text_shadow_blur_strength=\u00a0\u00bb0.5em\u00a0\u00bb text_text_shadow_color=\u00a0\u00bb#000000&Prime; global_colors_info=\u00a0\u00bb{}\u00a0\u00bb]<\/p>\n<p style=\"text-align: center;\">Cr\u00e9er un \u00e9v\u00e9nement\u00a0<\/p>\n<p>[\/et_pb_text][et_pb_icon font_icon=\u00a0\u00bb&#xf15c;||fa||900&Prime; icon_color=\u00a0\u00bb#FFFFFF\u00a0\u00bb icon_width=\u00a0\u00bb28px\u00a0\u00bb url=\u00a0\u00bbhttps:\/\/drive.google.com\/file\/d\/1KHF9GzFsfpzm_kzbywzaOvbTVnwvhG6F\/view?usp=share_link\u00a0\u00bb url_new_window=\u00a0\u00bbon\u00a0\u00bb _builder_version=\u00a0\u00bb4.21.0&Prime; _module_preset=\u00a0\u00bbdefault\u00a0\u00bb global_colors_info=\u00a0\u00bb{}\u00a0\u00bb][\/et_pb_icon][\/et_pb_column][et_pb_column type=\u00a0\u00bb1_3&Prime; _builder_version=\u00a0\u00bb4.21.0&Prime; _module_preset=\u00a0\u00bbdefault\u00a0\u00bb global_colors_info=\u00a0\u00bb{}\u00a0\u00bb][et_pb_video src=\u00a0\u00bbhttps:\/\/youtu.be\/Kx32erGQZ1o\u00a0\u00bb image_src=\u00a0\u00bbhttps:\/\/agorabox.fr\/wp-content\/uploads\/2024\/05\/Screenshot-2024-05-30-at-17.25.41.png\u00a0\u00bb play_icon_color=\u00a0\u00bb#8B68EE\u00a0\u00bb _builder_version=\u00a0\u00bb4.21.0&Prime; _module_preset=\u00a0\u00bbdefault\u00a0\u00bb border_radii=\u00a0\u00bbon|8px|8px|8px|8px\u00a0\u00bb box_shadow_style=\u00a0\u00bbpreset1&Prime; global_colors_info=\u00a0\u00bb{}\u00a0\u00bb][\/et_pb_video][et_pb_text _builder_version=\u00a0\u00bb4.21.0&Prime; _module_preset=\u00a0\u00bbdefault\u00a0\u00bb text_font=\u00a0\u00bbGolos|600|||||||\u00a0\u00bb text_text_color=\u00a0\u00bb#FFFFFF\u00a0\u00bb text_font_size=\u00a0\u00bb24px\u00a0\u00bb text_orientation=\u00a0\u00bbcenter\u00a0\u00bb custom_margin=\u00a0\u00bb||6px|||\u00a0\u00bb text_text_shadow_style=\u00a0\u00bbpreset3&Prime; text_text_shadow_blur_strength=\u00a0\u00bb0.5em\u00a0\u00bb text_text_shadow_color=\u00a0\u00bb#000000&Prime; global_colors_info=\u00a0\u00bb{}\u00a0\u00bb]<\/p>\n<p style=\"text-align: center;\">Cr\u00e9er des activit\u00e9s<\/p>\n<p>[\/et_pb_text][et_pb_icon font_icon=\u00a0\u00bb&#xf15c;||fa||900&Prime; icon_color=\u00a0\u00bb#FFFFFF\u00a0\u00bb icon_width=\u00a0\u00bb28px\u00a0\u00bb url=\u00a0\u00bbhttps:\/\/drive.google.com\/file\/d\/1aFRw-EeesW99jI2ZXA_KVdtUgZnL-RdB\/view?usp=share_link\u00a0\u00bb url_new_window=\u00a0\u00bbon\u00a0\u00bb _builder_version=\u00a0\u00bb4.21.0&Prime; _module_preset=\u00a0\u00bbdefault\u00a0\u00bb global_colors_info=\u00a0\u00bb{}\u00a0\u00bb][\/et_pb_icon][\/et_pb_column][\/et_pb_row][et_pb_row column_structure=\u00a0\u00bb1_3,1_3,1_3&Prime; _builder_version=\u00a0\u00bb4.21.0&Prime; _module_preset=\u00a0\u00bbdefault\u00a0\u00bb global_colors_info=\u00a0\u00bb{}\u00a0\u00bb][et_pb_column type=\u00a0\u00bb1_3&Prime; _builder_version=\u00a0\u00bb4.21.0&Prime; _module_preset=\u00a0\u00bbdefault\u00a0\u00bb global_colors_info=\u00a0\u00bb{}\u00a0\u00bb][et_pb_video src=\u00a0\u00bbhttps:\/\/youtu.be\/xl6w5wQ-Hrw\u00a0\u00bb image_src=\u00a0\u00bbhttps:\/\/agorabox.fr\/wp-content\/uploads\/2024\/07\/Screenshot-2024-07-17-at-16.24.31.png\u00a0\u00bb play_icon_color=\u00a0\u00bb#8B68EE\u00a0\u00bb _builder_version=\u00a0\u00bb4.21.0&Prime; _module_preset=\u00a0\u00bbdefault\u00a0\u00bb border_radii=\u00a0\u00bbon|8px|8px|8px|8px\u00a0\u00bb box_shadow_style=\u00a0\u00bbpreset1&Prime; global_colors_info=\u00a0\u00bb{}\u00a0\u00bb][\/et_pb_video][et_pb_text _builder_version=\u00a0\u00bb4.21.0&Prime; _module_preset=\u00a0\u00bbdefault\u00a0\u00bb text_font=\u00a0\u00bbGolos|600|||||||\u00a0\u00bb text_text_color=\u00a0\u00bb#FFFFFF\u00a0\u00bb text_font_size=\u00a0\u00bb24px\u00a0\u00bb custom_margin=\u00a0\u00bb||10px|||\u00a0\u00bb text_text_shadow_style=\u00a0\u00bbpreset3&Prime; text_text_shadow_blur_strength=\u00a0\u00bb0.5em\u00a0\u00bb text_text_shadow_color=\u00a0\u00bb#000000&Prime; global_colors_info=\u00a0\u00bb{}\u00a0\u00bb]<\/p>\n<p style=\"text-align: center;\">Param\u00e9trage du programme<\/p>\n<p>[\/et_pb_text][et_pb_icon font_icon=\u00a0\u00bb&#xf15c;||fa||900&Prime; icon_color=\u00a0\u00bb#FFFFFF\u00a0\u00bb icon_width=\u00a0\u00bb28px\u00a0\u00bb url=\u00a0\u00bbhttps:\/\/drive.google.com\/file\/d\/1X9N4xEdsLY8deZkHBCTN5dGSt-dzzMPz\/view?usp=share_link\u00a0\u00bb url_new_window=\u00a0\u00bbon\u00a0\u00bb _builder_version=\u00a0\u00bb4.21.0&Prime; _module_preset=\u00a0\u00bbdefault\u00a0\u00bb global_colors_info=\u00a0\u00bb{}\u00a0\u00bb][\/et_pb_icon][\/et_pb_column][et_pb_column type=\u00a0\u00bb1_3&Prime; _builder_version=\u00a0\u00bb4.21.0&Prime; _module_preset=\u00a0\u00bbdefault\u00a0\u00bb global_colors_info=\u00a0\u00bb{}\u00a0\u00bb][et_pb_video src=\u00a0\u00bbhttps:\/\/youtu.be\/L9xjWU7LDag\u00a0\u00bb image_src=\u00a0\u00bbhttps:\/\/agorabox.fr\/wp-content\/uploads\/2024\/06\/Screenshot-2024-06-05-at-15.38.57.png\u00a0\u00bb play_icon_color=\u00a0\u00bb#8B68EE\u00a0\u00bb _builder_version=\u00a0\u00bb4.21.0&Prime; _module_preset=\u00a0\u00bbdefault\u00a0\u00bb border_radii=\u00a0\u00bbon|8px|8px|8px|8px\u00a0\u00bb box_shadow_style=\u00a0\u00bbpreset1&Prime; global_colors_info=\u00a0\u00bb{}\u00a0\u00bb][\/et_pb_video][et_pb_text _builder_version=\u00a0\u00bb4.21.0&Prime; _module_preset=\u00a0\u00bbdefault\u00a0\u00bb text_text_color=\u00a0\u00bb#FFFFFF\u00a0\u00bb text_font_size=\u00a0\u00bb24px\u00a0\u00bb custom_margin=\u00a0\u00bb||4px|||\u00a0\u00bb text_text_shadow_style=\u00a0\u00bbpreset3&Prime; text_text_shadow_blur_strength=\u00a0\u00bb0.5em\u00a0\u00bb text_text_shadow_color=\u00a0\u00bb#000000&Prime; global_colors_info=\u00a0\u00bb{}\u00a0\u00bb]<\/p>\n<p style=\"text-align: center;\">Cr\u00e9er des \u00e9changes<\/p>\n<p>[\/et_pb_text][et_pb_icon font_icon=\u00a0\u00bb&#xf15c;||fa||900&Prime; icon_color=\u00a0\u00bb#FFFFFF\u00a0\u00bb icon_width=\u00a0\u00bb28px\u00a0\u00bb url=\u00a0\u00bbhttps:\/\/drive.google.com\/file\/d\/1bDLWJwS85Rd3s5kPQA3KjyGG7DXkFWjl\/view?usp=share_link\u00a0\u00bb url_new_window=\u00a0\u00bbon\u00a0\u00bb _builder_version=\u00a0\u00bb4.21.0&Prime; _module_preset=\u00a0\u00bbdefault\u00a0\u00bb global_colors_info=\u00a0\u00bb{}\u00a0\u00bb][\/et_pb_icon][\/et_pb_column][et_pb_column type=\u00a0\u00bb1_3&Prime; _builder_version=\u00a0\u00bb4.21.0&Prime; _module_preset=\u00a0\u00bbdefault\u00a0\u00bb global_colors_info=\u00a0\u00bb{}\u00a0\u00bb][et_pb_video src=\u00a0\u00bbhttps:\/\/youtu.be\/_Ht2pQ7HsU8&Prime; _builder_version=\u00a0\u00bb4.21.0&Prime; _module_preset=\u00a0\u00bbdefault\u00a0\u00bb title_text=\u00a0\u00bbScreenshot 2024-07-23 at 14.54.32&Prime; image_src=\u00a0\u00bbhttps:\/\/agorabox.fr\/wp-content\/uploads\/2024\/07\/Screenshot-2024-07-23-at-14.54.32.png\u00a0\u00bb play_icon_color=\u00a0\u00bb#8B68EE\u00a0\u00bb border_radii=\u00a0\u00bbon|8px|8px|8px|8px\u00a0\u00bb box_shadow_style=\u00a0\u00bbpreset1&Prime; hover_enabled=\u00a0\u00bb0&Prime; sticky_enabled=\u00a0\u00bb0&Prime;][\/et_pb_video][et_pb_text _builder_version=\u00a0\u00bb4.21.0&Prime; _module_preset=\u00a0\u00bbdefault\u00a0\u00bb text_font=\u00a0\u00bbGolos|600|||||||\u00a0\u00bb text_text_color=\u00a0\u00bb#FFFFFF\u00a0\u00bb text_font_size=\u00a0\u00bb24px\u00a0\u00bb text_text_shadow_style=\u00a0\u00bbpreset3&Prime; text_text_shadow_blur_strength=\u00a0\u00bb0.5em\u00a0\u00bb text_text_shadow_color=\u00a0\u00bb#000000&Prime; hover_enabled=\u00a0\u00bb0&Prime; sticky_enabled=\u00a0\u00bb0&Prime; custom_margin=\u00a0\u00bb||9px|||\u00a0\u00bb]<\/p>\n<p style=\"text-align: center;\">Exposants<\/p>\n<p>[\/et_pb_text][et_pb_icon _builder_version=\u00a0\u00bb4.21.0&Prime; _module_preset=\u00a0\u00bbdefault\u00a0\u00bb font_icon=\u00a0\u00bb&#xf15c;||fa||900&Prime; icon_color=\u00a0\u00bb#FFFFFF\u00a0\u00bb icon_width=\u00a0\u00bb28px\u00a0\u00bb hover_enabled=\u00a0\u00bb0&Prime; sticky_enabled=\u00a0\u00bb0&Prime; url=\u00a0\u00bbhttps:\/\/drive.google.com\/file\/d\/1gTq9bDYNivJ-H-FONszeAreIMhf75t2-\/view?usp=share_link\u00a0\u00bb url_new_window=\u00a0\u00bbon\u00a0\u00bb][\/et_pb_icon][\/et_pb_column][\/et_pb_row][\/et_pb_section][et_pb_section fb_built=\u00a0\u00bb1&Prime; _builder_version=\u00a0\u00bb4.21.0&Prime; _module_preset=\u00a0\u00bbdefault\u00a0\u00bb background_color=\u00a0\u00bb#FFFFFF\u00a0\u00bb min_height=\u00a0\u00bb237px\u00a0\u00bb global_colors_info=\u00a0\u00bb{}\u00a0\u00bb][et_pb_row _builder_version=\u00a0\u00bb4.21.0&Prime; _module_preset=\u00a0\u00bbdefault\u00a0\u00bb global_colors_info=\u00a0\u00bb{}\u00a0\u00bb][et_pb_column type=\u00a0\u00bb4_4&Prime; _builder_version=\u00a0\u00bb4.21.0&Prime; _module_preset=\u00a0\u00bbdefault\u00a0\u00bb global_colors_info=\u00a0\u00bb{}\u00a0\u00bb][et_pb_text _builder_version=\u00a0\u00bb4.21.0&Prime; _module_preset=\u00a0\u00bbdefault\u00a0\u00bb text_font=\u00a0\u00bbGolos||||||||\u00a0\u00bb text_text_color=\u00a0\u00bb#000000&Prime; text_font_size=\u00a0\u00bb29px\u00a0\u00bb text_orientation=\u00a0\u00bbcenter\u00a0\u00bb global_colors_info=\u00a0\u00bb{}\u00a0\u00bb]<\/p>\n<p style=\"text-align: center;\">Consultez les vid\u00e9os explicatives de nos autres produits<\/p>\n<p>[\/et_pb_text][\/et_pb_column][\/et_pb_row][et_pb_row column_structure=\u00a0\u00bb1_3,1_3,1_3&Prime; _builder_version=\u00a0\u00bb4.21.0&Prime; _module_preset=\u00a0\u00bbdefault\u00a0\u00bb global_colors_info=\u00a0\u00bb{}\u00a0\u00bb][et_pb_column type=\u00a0\u00bb1_3&Prime; _builder_version=\u00a0\u00bb4.21.0&Prime; _module_preset=\u00a0\u00bbdefault\u00a0\u00bb global_colors_info=\u00a0\u00bb{}\u00a0\u00bb][et_pb_button button_url=\u00a0\u00bbhttps:\/\/agorabox.fr\/tutos-amanager\/\u00a0\u00bb button_text=\u00a0\u00bbAgoraManager\u00a0\u00bb button_alignment=\u00a0\u00bbcenter\u00a0\u00bb _builder_version=\u00a0\u00bb4.21.0&Prime; _module_preset=\u00a0\u00bbdefault\u00a0\u00bb custom_button=\u00a0\u00bbon\u00a0\u00bb button_text_color=\u00a0\u00bb#00BDD6&Prime; button_icon=\u00a0\u00bb&#xe0d1;||divi||400&Prime; button_icon_color=\u00a0\u00bb#00BDD6&Prime; button_on_hover=\u00a0\u00bboff\u00a0\u00bb global_colors_info=\u00a0\u00bb{}\u00a0\u00bb][\/et_pb_button][\/et_pb_column][et_pb_column type=\u00a0\u00bb1_3&Prime; _builder_version=\u00a0\u00bb4.21.0&Prime; _module_preset=\u00a0\u00bbdefault\u00a0\u00bb global_colors_info=\u00a0\u00bb{}\u00a0\u00bb][et_pb_button button_url=\u00a0\u00bbhttps:\/\/agorabox.fr\/tutos-aevent\/\u00a0\u00bb button_text=\u00a0\u00bbAgoraEvent\u00a0\u00bb button_alignment=\u00a0\u00bbcenter\u00a0\u00bb _builder_version=\u00a0\u00bb4.21.0&Prime; _module_preset=\u00a0\u00bbdefault\u00a0\u00bb custom_button=\u00a0\u00bbon\u00a0\u00bb button_text_color=\u00a0\u00bb#F0B800&Prime; button_icon=\u00a0\u00bb&#xe0d1;||divi||400&Prime; button_icon_color=\u00a0\u00bb#F0B800&Prime; button_on_hover=\u00a0\u00bboff\u00a0\u00bb global_colors_info=\u00a0\u00bb{}\u00a0\u00bb][\/et_pb_button][\/et_pb_column][et_pb_column type=\u00a0\u00bb1_3&Prime; _builder_version=\u00a0\u00bb4.21.0&Prime; _module_preset=\u00a0\u00bbdefault\u00a0\u00bb global_colors_info=\u00a0\u00bb{}\u00a0\u00bb][et_pb_button button_url=\u00a0\u00bbhttps:\/\/agorabox.fr\/tutos-ameetin\/\u00a0\u00bb button_text=\u00a0\u00bbAgoraMeetin\u00a0\u00bb button_alignment=\u00a0\u00bbcenter\u00a0\u00bb _builder_version=\u00a0\u00bb4.21.0&Prime; _module_preset=\u00a0\u00bbdefault\u00a0\u00bb custom_button=\u00a0\u00bbon\u00a0\u00bb button_text_color=\u00a0\u00bb#8B68EE\u00a0\u00bb button_icon=\u00a0\u00bb&#xe0d1;||divi||400&Prime; button_icon_color=\u00a0\u00bb#8B68EE\u00a0\u00bb button_on_hover=\u00a0\u00bboff\u00a0\u00bb global_colors_info=\u00a0\u00bb{}\u00a0\u00bb][\/et_pb_button][\/et_pb_column][\/et_pb_row][\/et_pb_section]<\/p>","protected":false},"excerpt":{"rendered":"<p>Consultez nos vid\u00e9os de formation AgoraMeetinPremiers pasCr\u00e9er un \u00e9v\u00e9nement\u00a0Cr\u00e9er des activit\u00e9sParam\u00e9trage du programmeCr\u00e9er des \u00e9changesExposantsConsultez les vid\u00e9os explicatives de nos autres produits<\/p>","protected":false},"author":5,"featured_media":0,"parent":0,"menu_order":0,"comment_status":"closed","ping_status":"closed","template":"","meta":{"_et_pb_use_builder":"on","_et_pb_old_content":"","_et_gb_content_width":"","footnotes":""},"class_list":["post-2133","page","type-page","status-publish","hentry"],"yoast_head":"<!-- This site is optimized with the Yoast SEO plugin v22.6 - https:\/\/yoast.com\/wordpress\/plugins\/seo\/ -->\n<title>Tutos \u2013 AMeetin - Agora Box<\/title>\n<meta name=\"robots\" content=\"index, follow, max-snippet:-1, max-image-preview:large, max-video-preview:-1\" \/>\n<link rel=\"canonical\" href=\"https:\/\/agorabox.fr\/en\/tutos-ameetin\/\" \/>\n<meta property=\"og:locale\" content=\"en_US\" \/>\n<meta property=\"og:type\" content=\"article\" \/>\n<meta property=\"og:title\" content=\"Tutos \u2013 AMeetin - Agora Box\" \/>\n<meta property=\"og:description\" content=\"Consultez nos vid\u00e9os de formation AgoraMeetinPremiers pasCr\u00e9er un \u00e9v\u00e9nement\u00a0Cr\u00e9er des activit\u00e9sParam\u00e9trage du programmeCr\u00e9er des \u00e9changesExposantsConsultez les vid\u00e9os explicatives de nos autres produits\" \/>\n<meta property=\"og:url\" content=\"https:\/\/agorabox.fr\/en\/tutos-ameetin\/\" \/>\n<meta property=\"og:site_name\" content=\"Agora Box\" \/>\n<meta property=\"article:modified_time\" content=\"2024-07-23T13:00:37+00:00\" \/>\n<meta name=\"twitter:card\" content=\"summary_large_image\" \/>\n<meta name=\"twitter:label1\" content=\"Est. reading time\" \/>\n\t<meta name=\"twitter:data1\" content=\"1 minute\" \/>\n<script type=\"application\/ld+json\" class=\"yoast-schema-graph\">{\"@context\":\"https:\/\/schema.org\",\"@graph\":[{\"@type\":\"WebPage\",\"@id\":\"https:\/\/agorabox.fr\/tutos-ameetin\/\",\"url\":\"https:\/\/agorabox.fr\/tutos-ameetin\/\",\"name\":\"Tutos \u2013 AMeetin - Agora Box\",\"isPartOf\":{\"@id\":\"https:\/\/agorabox.fr\/#website\"},\"datePublished\":\"2024-05-30T12:05:07+00:00\",\"dateModified\":\"2024-07-23T13:00:37+00:00\",\"breadcrumb\":{\"@id\":\"https:\/\/agorabox.fr\/tutos-ameetin\/#breadcrumb\"},\"inLanguage\":\"en-US\",\"potentialAction\":[{\"@type\":\"ReadAction\",\"target\":[\"https:\/\/agorabox.fr\/tutos-ameetin\/\"]}]},{\"@type\":\"BreadcrumbList\",\"@id\":\"https:\/\/agorabox.fr\/tutos-ameetin\/#breadcrumb\",\"itemListElement\":[{\"@type\":\"ListItem\",\"position\":1,\"name\":\"Accueil\",\"item\":\"https:\/\/agorabox.fr\/\"},{\"@type\":\"ListItem\",\"position\":2,\"name\":\"Tutos \u2013 AMeetin\"}]},{\"@type\":\"WebSite\",\"@id\":\"https:\/\/agorabox.fr\/#website\",\"url\":\"https:\/\/agorabox.fr\/\",\"name\":\"AgoraBoxdonn\",\"description\":\"Solutions digitales pour l&#039;\u00e9v\u00e8nementiel\",\"publisher\":{\"@id\":\"https:\/\/agorabox.fr\/#organization\"},\"potentialAction\":[{\"@type\":\"SearchAction\",\"target\":{\"@type\":\"EntryPoint\",\"urlTemplate\":\"https:\/\/agorabox.fr\/?s={search_term_string}\"},\"query-input\":\"required name=search_term_string\"}],\"inLanguage\":\"en-US\"},{\"@type\":\"Organization\",\"@id\":\"https:\/\/agorabox.fr\/#organization\",\"name\":\"Agorabox - la gestion \u00e9v\u00e8nementielle tout-en-un pour professionnels\",\"url\":\"https:\/\/agorabox.fr\/\",\"logo\":{\"@type\":\"ImageObject\",\"inLanguage\":\"en-US\",\"@id\":\"https:\/\/agorabox.fr\/#\/schema\/logo\/image\/\",\"url\":\"https:\/\/agorabox.fr\/wp-content\/uploads\/2023\/09\/logo-agora-noir.png\",\"contentUrl\":\"https:\/\/agorabox.fr\/wp-content\/uploads\/2023\/09\/logo-agora-noir.png\",\"width\":650,\"height\":513,\"caption\":\"Agorabox - la gestion \u00e9v\u00e8nementielle tout-en-un pour professionnels\"},\"image\":{\"@id\":\"https:\/\/agorabox.fr\/#\/schema\/logo\/image\/\"},\"sameAs\":[\"https:\/\/www.linkedin.com\/company\/agorabox1\/posts\/?feedView=all\"]}]}<\/script>\n<!-- \/ Yoast SEO plugin. -->","yoast_head_json":{"title":"Tutos \u2013 AMeetin - Agora Box","robots":{"index":"index","follow":"follow","max-snippet":"max-snippet:-1","max-image-preview":"max-image-preview:large","max-video-preview":"max-video-preview:-1"},"canonical":"https:\/\/agorabox.fr\/en\/tutos-ameetin\/","og_locale":"en_US","og_type":"article","og_title":"Tutos \u2013 AMeetin - Agora Box","og_description":"Consultez nos vid\u00e9os de formation AgoraMeetinPremiers pasCr\u00e9er un \u00e9v\u00e9nement\u00a0Cr\u00e9er des activit\u00e9sParam\u00e9trage du programmeCr\u00e9er des \u00e9changesExposantsConsultez les vid\u00e9os explicatives de nos autres produits","og_url":"https:\/\/agorabox.fr\/en\/tutos-ameetin\/","og_site_name":"Agora Box","article_modified_time":"2024-07-23T13:00:37+00:00","twitter_card":"summary_large_image","twitter_misc":{"Est. reading time":"1 minute"},"schema":{"@context":"https:\/\/schema.org","@graph":[{"@type":"WebPage","@id":"https:\/\/agorabox.fr\/tutos-ameetin\/","url":"https:\/\/agorabox.fr\/tutos-ameetin\/","name":"Tutos \u2013 AMeetin - Agora Box","isPartOf":{"@id":"https:\/\/agorabox.fr\/#website"},"datePublished":"2024-05-30T12:05:07+00:00","dateModified":"2024-07-23T13:00:37+00:00","breadcrumb":{"@id":"https:\/\/agorabox.fr\/tutos-ameetin\/#breadcrumb"},"inLanguage":"en-US","potentialAction":[{"@type":"ReadAction","target":["https:\/\/agorabox.fr\/tutos-ameetin\/"]}]},{"@type":"BreadcrumbList","@id":"https:\/\/agorabox.fr\/tutos-ameetin\/#breadcrumb","itemListElement":[{"@type":"ListItem","position":1,"name":"Accueil","item":"https:\/\/agorabox.fr\/"},{"@type":"ListItem","position":2,"name":"Tutos \u2013 AMeetin"}]},{"@type":"WebSite","@id":"https:\/\/agorabox.fr\/#website","url":"https:\/\/agorabox.fr\/","name":"AgoraBoxdonn","description":"Solutions digitales pour l&#039;\u00e9v\u00e8nementiel","publisher":{"@id":"https:\/\/agorabox.fr\/#organization"},"potentialAction":[{"@type":"SearchAction","target":{"@type":"EntryPoint","urlTemplate":"https:\/\/agorabox.fr\/?s={search_term_string}"},"query-input":"required name=search_term_string"}],"inLanguage":"en-US"},{"@type":"Organization","@id":"https:\/\/agorabox.fr\/#organization","name":"Agorabox - la gestion \u00e9v\u00e8nementielle tout-en-un pour professionnels","url":"https:\/\/agorabox.fr\/","logo":{"@type":"ImageObject","inLanguage":"en-US","@id":"https:\/\/agorabox.fr\/#\/schema\/logo\/image\/","url":"https:\/\/agorabox.fr\/wp-content\/uploads\/2023\/09\/logo-agora-noir.png","contentUrl":"https:\/\/agorabox.fr\/wp-content\/uploads\/2023\/09\/logo-agora-noir.png","width":650,"height":513,"caption":"Agorabox - la gestion \u00e9v\u00e8nementielle tout-en-un pour professionnels"},"image":{"@id":"https:\/\/agorabox.fr\/#\/schema\/logo\/image\/"},"sameAs":["https:\/\/www.linkedin.com\/company\/agorabox1\/posts\/?feedView=all"]}]}},"_links":{"self":[{"href":"https:\/\/agorabox.fr\/en\/wp-json\/wp\/v2\/pages\/2133","targetHints":{"allow":["GET"]}}],"collection":[{"href":"https:\/\/agorabox.fr\/en\/wp-json\/wp\/v2\/pages"}],"about":[{"href":"https:\/\/agorabox.fr\/en\/wp-json\/wp\/v2\/types\/page"}],"author":[{"embeddable":true,"href":"https:\/\/agorabox.fr\/en\/wp-json\/wp\/v2\/users\/5"}],"replies":[{"embeddable":true,"href":"https:\/\/agorabox.fr\/en\/wp-json\/wp\/v2\/comments?post=2133"}],"version-history":[{"count":18,"href":"https:\/\/agorabox.fr\/en\/wp-json\/wp\/v2\/pages\/2133\/revisions"}],"predecessor-version":[{"id":2480,"href":"https:\/\/agorabox.fr\/en\/wp-json\/wp\/v2\/pages\/2133\/revisions\/2480"}],"wp:attachment":[{"href":"https:\/\/agorabox.fr\/en\/wp-json\/wp\/v2\/media?parent=2133"}],"curies":[{"name":"wp","href":"https:\/\/api.w.org\/{rel}","templated":true}]}}